{"id":2794,"date":"2025-01-29T11:01:53","date_gmt":"2025-01-29T16:01:53","guid":{"rendered":"https:\/\/explorepontiac.ottawavalleymedia.ca\/membership-signup-form\/"},"modified":"2025-04-06T13:06:13","modified_gmt":"2025-04-06T17:06:13","slug":"formulaire-dadhesion","status":"publish","type":"page","link":"https:\/\/explorepontiac.ca\/fr\/formulaire-dadhesion\/","title":{"rendered":"Formulaire d\u2019adh\u00e9sion"},"content":{"rendered":"\t\t<div data-elementor-type=\"wp-page\" data-elementor-id=\"2794\" class=\"elementor elementor-2794 elementor-2195\" data-elementor-post-type=\"page\">\n\t\t\t\t<div class=\"elementor-element elementor-element-06ac240 e-con-full e-flex e-con e-parent\" data-id=\"06ac240\" data-element_type=\"container\" data-e-type=\"container\" data-settings=\"{&quot;background_background&quot;:&quot;classic&quot;}\">\n\t\t\t\t<div class=\"elementor-element elementor-element-32aff26 elementor-widget__width-initial elementor-widget elementor-widget-text-editor\" data-id=\"32aff26\" data-element_type=\"widget\" data-e-type=\"widget\" data-widget_type=\"text-editor.default\">\n\t\t\t\t<div class=\"elementor-widget-container\">\n\t\t\t\t\t\t\t\t\t<p>\u00cates-vous une entreprise touristique ou un partenaire d\u2019affaires dans le Pontiac? Ce formulaire servira \u00e0 inscrire votre entreprise afin que vous puissiez commencer \u00e0 profiter des avantages r\u00e9serv\u00e9s aux membres.<\/p>\t\t\t\t\t\t\t\t<\/div>\n\t\t\t\t<\/div>\n\t\t\t\t<div class=\"elementor-element elementor-element-84c9713 elementor-view-default elementor-widget elementor-widget-icon\" data-id=\"84c9713\" data-element_type=\"widget\" data-e-type=\"widget\" data-widget_type=\"icon.default\">\n\t\t\t\t<div class=\"elementor-widget-container\">\n\t\t\t\t\t\t\t<div class=\"elementor-icon-wrapper\">\n\t\t\t<div class=\"elementor-icon\">\n\t\t\t<svg aria-hidden=\"true\" class=\"e-font-icon-svg e-fas-chevron-down\" viewBox=\"0 0 448 512\" xmlns=\"http:\/\/www.w3.org\/2000\/svg\"><path d=\"M207.029 381.476L12.686 187.132c-9.373-9.373-9.373-24.569 0-33.941l22.667-22.667c9.357-9.357 24.522-9.375 33.901-.04L224 284.505l154.745-154.021c9.379-9.335 24.544-9.317 33.901.04l22.667 22.667c9.373 9.373 9.373 24.569 0 33.941L240.971 381.476c-9.373 9.372-24.569 9.372-33.942 0z\"><\/path><\/svg>\t\t\t<\/div>\n\t\t<\/div>\n\t\t\t\t\t\t<\/div>\n\t\t\t\t<\/div>\n\t\t\t\t<\/div>\n\t\t<div class=\"elementor-element elementor-element-4e88241 e-flex e-con-boxed e-con e-parent\" data-id=\"4e88241\" data-element_type=\"container\" data-e-type=\"container\">\n\t\t\t\t\t<div class=\"e-con-inner\">\n\t\t\t\t<div class=\"elementor-element elementor-element-a5924e0 elementor-button-align-stretch elementor-widget elementor-widget-form\" data-id=\"a5924e0\" data-element_type=\"widget\" data-e-type=\"widget\" data-settings=\"{&quot;step_next_label&quot;:&quot;Next&quot;,&quot;step_previous_label&quot;:&quot;Previous&quot;,&quot;button_width&quot;:&quot;100&quot;,&quot;step_type&quot;:&quot;number_text&quot;,&quot;step_icon_shape&quot;:&quot;circle&quot;}\" data-widget_type=\"form.default\">\n\t\t\t\t<div class=\"elementor-widget-container\">\n\t\t\t\t\t\t\t<form class=\"elementor-form\" method=\"post\" name=\"Registration Form\" aria-label=\"Registration Form\">\n\t\t\t<input type=\"hidden\" name=\"post_id\" value=\"2794\"\/>\n\t\t\t<input type=\"hidden\" name=\"form_id\" value=\"a5924e0\"\/>\n\t\t\t<input type=\"hidden\" name=\"referer_title\" value=\"Formulaire d\u2019adh\u00e9sion - Explore Pontiac\" \/>\n\n\t\t\t\t\t\t\t<input type=\"hidden\" name=\"queried_id\" value=\"2794\"\/>\n\t\t\t\n\t\t\t<div class=\"elementor-form-fields-wrapper elementor-labels-\">\n\t\t\t\t\t\t\t\t<div class=\"elementor-field-type-text elementor-field-group elementor-column elementor-field-group-name elementor-col-100\">\n\t\t\t\t\t\t\t\t\t\t\t\t<label for=\"form-field-name\" class=\"elementor-field-label elementor-screen-only\">\n\t\t\t\t\t\t\t\tName\t\t\t\t\t\t\t<\/label>\n\t\t\t\t\t\t\t\t\t\t\t\t\t\t<input size=\"1\" type=\"text\" name=\"form_fields[name]\" id=\"form-field-name\" class=\"elementor-field elementor-size-lg  elementor-field-textual\" placeholder=\"Votre nom *\">\n\t\t\t\t\t\t\t\t\t\t\t<\/div>\n\t\t\t\t\t\t\t\t<div class=\"elementor-field-type-email elementor-field-group elementor-column elementor-field-group-email elementor-col-50 elementor-field-required\">\n\t\t\t\t\t\t\t\t\t\t\t\t<label for=\"form-field-email\" class=\"elementor-field-label elementor-screen-only\">\n\t\t\t\t\t\t\t\tEmail\t\t\t\t\t\t\t<\/label>\n\t\t\t\t\t\t\t\t\t\t\t\t\t\t<input size=\"1\" type=\"email\" name=\"form_fields[email]\" id=\"form-field-email\" class=\"elementor-field elementor-size-lg  elementor-field-textual\" placeholder=\"Courriel *\" required=\"required\">\n\t\t\t\t\t\t\t\t\t\t\t<\/div>\n\t\t\t\t\t\t\t\t<div class=\"elementor-field-type-text elementor-field-group elementor-column elementor-field-group-message elementor-col-50 elementor-field-required\">\n\t\t\t\t\t\t\t\t\t\t\t\t<label for=\"form-field-message\" class=\"elementor-field-label elementor-screen-only\">\n\t\t\t\t\t\t\t\tPhone Number\t\t\t\t\t\t\t<\/label>\n\t\t\t\t\t\t\t\t\t\t\t\t\t\t<input size=\"1\" type=\"text\" name=\"form_fields[message]\" id=\"form-field-message\" class=\"elementor-field elementor-size-lg  elementor-field-textual\" placeholder=\"T\u00e9l\u00e9phone *\" required=\"required\">\n\t\t\t\t\t\t\t\t\t\t\t<\/div>\n\t\t\t\t\t\t\t\t<div class=\"elementor-field-type-html elementor-field-group elementor-column elementor-field-group-field_d50861c elementor-col-50\">\n\t\t\t\t\tComment avez-vous entendu parler de nous?\t\t\t\t<\/div>\n\t\t\t\t\t\t\t\t<div class=\"elementor-field-type-checkbox elementor-field-group elementor-column elementor-field-group-field_b8f82d0 elementor-col-50\">\n\t\t\t\t\t\t\t\t\t\t\t\t<label for=\"form-field-field_b8f82d0\" class=\"elementor-field-label elementor-screen-only\">\n\t\t\t\t\t\t\t\tHow did you hear about us?\t\t\t\t\t\t\t<\/label>\n\t\t\t\t\t\t<div class=\"elementor-field-subgroup  elementor-subgroup-inline\"><span class=\"elementor-field-option\"><input type=\"checkbox\" value=\"Amis\" id=\"form-field-field_b8f82d0-0\" name=\"form_fields[field_b8f82d0][]\"> <label for=\"form-field-field_b8f82d0-0\">Amis<\/label><\/span><span class=\"elementor-field-option\"><input type=\"checkbox\" value=\"M\u00e9dias sociaux\" id=\"form-field-field_b8f82d0-1\" name=\"form_fields[field_b8f82d0][]\"> <label for=\"form-field-field_b8f82d0-1\">M\u00e9dias sociaux<\/label><\/span><span class=\"elementor-field-option\"><input type=\"checkbox\" value=\"Autre\" id=\"form-field-field_b8f82d0-2\" name=\"form_fields[field_b8f82d0][]\"> <label for=\"form-field-field_b8f82d0-2\">Autre<\/label><\/span><\/div>\t\t\t\t<\/div>\n\t\t\t\t\t\t\t\t<div class=\"elementor-field-type-html elementor-field-group elementor-column elementor-field-group-field_7d8ee42 elementor-col-100\">\n\t\t\t\t\t<br>\n<hr>\n<br>\nVotre entreprise\t\t\t\t<\/div>\n\t\t\t\t\t\t\t\t<div class=\"elementor-field-type-text elementor-field-group elementor-column elementor-field-group-field_9b05b66 elementor-col-100\">\n\t\t\t\t\t\t\t\t\t\t\t\t<label for=\"form-field-field_9b05b66\" class=\"elementor-field-label elementor-screen-only\">\n\t\t\t\t\t\t\t\tBusiness Name\t\t\t\t\t\t\t<\/label>\n\t\t\t\t\t\t\t\t\t\t\t\t\t\t<input size=\"1\" type=\"text\" name=\"form_fields[field_9b05b66]\" id=\"form-field-field_9b05b66\" class=\"elementor-field elementor-size-lg  elementor-field-textual\" placeholder=\"Nom de l\u2019entreprise *\">\n\t\t\t\t\t\t\t\t\t\t\t<\/div>\n\t\t\t\t\t\t\t\t<div class=\"elementor-field-type-text elementor-field-group elementor-column elementor-field-group-field_79de673 elementor-col-100\">\n\t\t\t\t\t\t\t\t\t\t\t\t<label for=\"form-field-field_79de673\" class=\"elementor-field-label elementor-screen-only\">\n\t\t\t\t\t\t\t\tAddress\t\t\t\t\t\t\t<\/label>\n\t\t\t\t\t\t\t\t\t\t\t\t\t\t<input size=\"1\" type=\"text\" name=\"form_fields[field_79de673]\" id=\"form-field-field_79de673\" class=\"elementor-field elementor-size-lg  elementor-field-textual\" placeholder=\"Adresse\">\n\t\t\t\t\t\t\t\t\t\t\t<\/div>\n\t\t\t\t\t\t\t\t<div class=\"elementor-field-type-url elementor-field-group elementor-column elementor-field-group-field_26f8478 elementor-col-50\">\n\t\t\t\t\t\t\t\t\t\t\t\t<label for=\"form-field-field_26f8478\" class=\"elementor-field-label elementor-screen-only\">\n\t\t\t\t\t\t\t\tWebsite\t\t\t\t\t\t\t<\/label>\n\t\t\t\t\t\t\t\t\t\t\t\t\t\t<input size=\"1\" type=\"url\" name=\"form_fields[field_26f8478]\" id=\"form-field-field_26f8478\" class=\"elementor-field elementor-size-lg  elementor-field-textual\" placeholder=\"Site web\">\n\t\t\t\t\t\t\t\t\t\t\t<\/div>\n\t\t\t\t\t\t\t\t<div class=\"elementor-field-type-url elementor-field-group elementor-column elementor-field-group-field_e736ed7 elementor-col-50\">\n\t\t\t\t\t\t\t\t\t\t\t\t<label for=\"form-field-field_e736ed7\" class=\"elementor-field-label elementor-screen-only\">\n\t\t\t\t\t\t\t\tFacebook\t\t\t\t\t\t\t<\/label>\n\t\t\t\t\t\t\t\t\t\t\t\t\t\t<input size=\"1\" type=\"url\" name=\"form_fields[field_e736ed7]\" id=\"form-field-field_e736ed7\" class=\"elementor-field elementor-size-lg  elementor-field-textual\" placeholder=\"Facebook\">\n\t\t\t\t\t\t\t\t\t\t\t<\/div>\n\t\t\t\t\t\t\t\t<div class=\"elementor-field-type-text elementor-field-group elementor-column elementor-field-group-field_287c761 elementor-col-50\">\n\t\t\t\t\t\t\t\t\t\t\t\t<label for=\"form-field-field_287c761\" class=\"elementor-field-label elementor-screen-only\">\n\t\t\t\t\t\t\t\tInstagram\t\t\t\t\t\t\t<\/label>\n\t\t\t\t\t\t\t\t\t\t\t\t\t\t<input size=\"1\" type=\"text\" name=\"form_fields[field_287c761]\" id=\"form-field-field_287c761\" class=\"elementor-field elementor-size-lg  elementor-field-textual\" placeholder=\"Instagram\">\n\t\t\t\t\t\t\t\t\t\t\t<\/div>\n\t\t\t\t\t\t\t\t<div class=\"elementor-field-type-url elementor-field-group elementor-column elementor-field-group-field_074f2c5 elementor-col-50\">\n\t\t\t\t\t\t\t\t\t\t\t\t<label for=\"form-field-field_074f2c5\" class=\"elementor-field-label elementor-screen-only\">\n\t\t\t\t\t\t\t\tOther Link\t\t\t\t\t\t\t<\/label>\n\t\t\t\t\t\t\t\t\t\t\t\t\t\t<input size=\"1\" type=\"url\" name=\"form_fields[field_074f2c5]\" id=\"form-field-field_074f2c5\" class=\"elementor-field elementor-size-lg  elementor-field-textual\" placeholder=\"Other\">\n\t\t\t\t\t\t\t\t\t\t\t<\/div>\n\t\t\t\t\t\t\t\t<div class=\"elementor-field-type-html elementor-field-group elementor-column elementor-field-group-field_0d7b2e4 elementor-col-100\">\n\t\t\t\t\t<br>\n<hr>\n<br>\t\t\t\t<\/div>\n\t\t\t\t\t\t\t\t<div class=\"elementor-field-type-acceptance elementor-field-group elementor-column elementor-field-group-field_2afa264 elementor-col-100 elementor-field-required\">\n\t\t\t\t\t\t\t\t\t\t\t\t<label for=\"form-field-field_2afa264\" class=\"elementor-field-label elementor-screen-only\">\n\t\t\t\t\t\t\t\tAcceptance\t\t\t\t\t\t\t<\/label>\n\t\t\t\t\t\t\t\t<div class=\"elementor-field-subgroup\">\n\t\t\t<span class=\"elementor-field-option\">\n\t\t\t\t<input type=\"checkbox\" name=\"form_fields[field_2afa264]\" id=\"form-field-field_2afa264\" class=\"elementor-field elementor-size-lg  elementor-acceptance-field\" required=\"required\">\n\t\t\t\t<label for=\"form-field-field_2afa264\">Je consens \u00e0 envoyer le paiement \u00e0 l\u2019Association Tourisme Pontiac avant que mon entreprise soit affich\u00e9e sur les pages membres, sites web ou comptes m\u00e9dias.*<\/label>\t\t\t<\/span>\n\t\t<\/div>\n\t\t\t\t\t\t<\/div>\n\t\t\t\t\t\t\t\t<div class=\"elementor-field-group elementor-column elementor-field-type-submit elementor-col-100 e-form__buttons\">\n\t\t\t\t\t<button class=\"elementor-button elementor-size-sm\" type=\"submit\">\n\t\t\t\t\t\t<span class=\"elementor-button-content-wrapper\">\n\t\t\t\t\t\t\t\t\t\t\t\t\t\t\t\t\t\t\t\t\t\t<span class=\"elementor-button-text\">ENVOYER<\/span>\n\t\t\t\t\t\t\t\t\t\t\t\t\t<\/span>\n\t\t\t\t\t<\/button>\n\t\t\t\t<\/div>\n\t\t\t<\/div>\n\t\t<\/form>\n\t\t\t\t\t\t<\/div>\n\t\t\t\t<\/div>\n\t\t\t\t\t<\/div>\n\t\t\t\t<\/div>\n\t\t\t\t<\/div>\n\t\t","protected":false},"excerpt":{"rendered":"<p>\u00cates-vous une entreprise touristique ou un partenaire d\u2019affaires dans le Pontiac? Ce formulaire servira \u00e0 inscrire votre entreprise afin que vous puissiez commencer \u00e0 profiter des avantages r\u00e9serv\u00e9s aux membres.<\/p>\n","protected":false},"author":1,"featured_media":0,"parent":0,"menu_order":0,"comment_status":"closed","ping_status":"closed","template":"","meta":{"footnotes":""},"class_list":["post-2794","page","type-page","status-publish","hentry"],"yoast_head":"<!-- This site is optimized with the Yoast SEO plugin v27.3 - https:\/\/yoast.com\/product\/yoast-seo-wordpress\/ -->\n<title>Formulaire d\u2019adh\u00e9sion - Explore Pontiac<\/title>\n<meta name=\"robots\" content=\"index, follow, max-snippet:-1, max-image-preview:large, max-video-preview:-1\" \/>\n<link rel=\"canonical\" href=\"https:\/\/explorepontiac.ca\/fr\/formulaire-dadhesion\/\" \/>\n<meta property=\"og:locale\" content=\"fr_FR\" \/>\n<meta property=\"og:type\" content=\"article\" \/>\n<meta property=\"og:title\" content=\"Formulaire d\u2019adh\u00e9sion - Explore Pontiac\" \/>\n<meta property=\"og:description\" content=\"\u00cates-vous une entreprise touristique ou un partenaire d\u2019affaires dans le Pontiac? Ce formulaire servira \u00e0 inscrire votre entreprise afin que vous puissiez commencer \u00e0 profiter des avantages r\u00e9serv\u00e9s aux membres.\" \/>\n<meta property=\"og:url\" content=\"https:\/\/explorepontiac.ca\/fr\/formulaire-dadhesion\/\" \/>\n<meta property=\"og:site_name\" content=\"Explore Pontiac\" \/>\n<meta property=\"article:modified_time\" content=\"2025-04-06T17:06:13+00:00\" \/>\n<meta name=\"twitter:card\" content=\"summary_large_image\" \/>\n<script type=\"application\/ld+json\" class=\"yoast-schema-graph\">{\"@context\":\"https:\\\/\\\/schema.org\",\"@graph\":[{\"@type\":\"WebPage\",\"@id\":\"https:\\\/\\\/explorepontiac.ca\\\/fr\\\/formulaire-dadhesion\\\/\",\"url\":\"https:\\\/\\\/explorepontiac.ca\\\/fr\\\/formulaire-dadhesion\\\/\",\"name\":\"Formulaire d\u2019adh\u00e9sion - Explore Pontiac\",\"isPartOf\":{\"@id\":\"https:\\\/\\\/explorepontiac.ca\\\/fr\\\/#website\"},\"datePublished\":\"2025-01-29T16:01:53+00:00\",\"dateModified\":\"2025-04-06T17:06:13+00:00\",\"breadcrumb\":{\"@id\":\"https:\\\/\\\/explorepontiac.ca\\\/fr\\\/formulaire-dadhesion\\\/#breadcrumb\"},\"inLanguage\":\"fr-FR\",\"potentialAction\":[{\"@type\":\"ReadAction\",\"target\":[\"https:\\\/\\\/explorepontiac.ca\\\/fr\\\/formulaire-dadhesion\\\/\"]}]},{\"@type\":\"BreadcrumbList\",\"@id\":\"https:\\\/\\\/explorepontiac.ca\\\/fr\\\/formulaire-dadhesion\\\/#breadcrumb\",\"itemListElement\":[{\"@type\":\"ListItem\",\"position\":1,\"name\":\"Home\",\"item\":\"https:\\\/\\\/explorepontiac.ca\\\/fr\\\/\"},{\"@type\":\"ListItem\",\"position\":2,\"name\":\"Formulaire d\u2019adh\u00e9sion\"}]},{\"@type\":\"WebSite\",\"@id\":\"https:\\\/\\\/explorepontiac.ca\\\/fr\\\/#website\",\"url\":\"https:\\\/\\\/explorepontiac.ca\\\/fr\\\/\",\"name\":\"Explore Pontiac\",\"description\":\"\",\"publisher\":{\"@id\":\"https:\\\/\\\/explorepontiac.ca\\\/fr\\\/#organization\"},\"potentialAction\":[{\"@type\":\"SearchAction\",\"target\":{\"@type\":\"EntryPoint\",\"urlTemplate\":\"https:\\\/\\\/explorepontiac.ca\\\/fr\\\/?s={search_term_string}\"},\"query-input\":{\"@type\":\"PropertyValueSpecification\",\"valueRequired\":true,\"valueName\":\"search_term_string\"}}],\"inLanguage\":\"fr-FR\"},{\"@type\":\"Organization\",\"@id\":\"https:\\\/\\\/explorepontiac.ca\\\/fr\\\/#organization\",\"name\":\"Explore Pontiac\",\"url\":\"https:\\\/\\\/explorepontiac.ca\\\/fr\\\/\",\"logo\":{\"@type\":\"ImageObject\",\"inLanguage\":\"fr-FR\",\"@id\":\"https:\\\/\\\/explorepontiac.ca\\\/fr\\\/#\\\/schema\\\/logo\\\/image\\\/\",\"url\":\"https:\\\/\\\/explorepontiac.ca\\\/wp-content\\\/uploads\\\/2024\\\/03\\\/explore-pontiac-with-shadow.png\",\"contentUrl\":\"https:\\\/\\\/explorepontiac.ca\\\/wp-content\\\/uploads\\\/2024\\\/03\\\/explore-pontiac-with-shadow.png\",\"width\":1389,\"height\":1330,\"caption\":\"Explore Pontiac\"},\"image\":{\"@id\":\"https:\\\/\\\/explorepontiac.ca\\\/fr\\\/#\\\/schema\\\/logo\\\/image\\\/\"},\"sameAs\":[\"https:\\\/\\\/www.instagram.com\\\/explore.pontiac\\\/\"]}]}<\/script>\n<!-- \/ Yoast SEO plugin. -->","yoast_head_json":{"title":"Formulaire d\u2019adh\u00e9sion - Explore Pontiac","robots":{"index":"index","follow":"follow","max-snippet":"max-snippet:-1","max-image-preview":"max-image-preview:large","max-video-preview":"max-video-preview:-1"},"canonical":"https:\/\/explorepontiac.ca\/fr\/formulaire-dadhesion\/","og_locale":"fr_FR","og_type":"article","og_title":"Formulaire d\u2019adh\u00e9sion - Explore Pontiac","og_description":"\u00cates-vous une entreprise touristique ou un partenaire d\u2019affaires dans le Pontiac? Ce formulaire servira \u00e0 inscrire votre entreprise afin que vous puissiez commencer \u00e0 profiter des avantages r\u00e9serv\u00e9s aux membres.","og_url":"https:\/\/explorepontiac.ca\/fr\/formulaire-dadhesion\/","og_site_name":"Explore Pontiac","article_modified_time":"2025-04-06T17:06:13+00:00","twitter_card":"summary_large_image","schema":{"@context":"https:\/\/schema.org","@graph":[{"@type":"WebPage","@id":"https:\/\/explorepontiac.ca\/fr\/formulaire-dadhesion\/","url":"https:\/\/explorepontiac.ca\/fr\/formulaire-dadhesion\/","name":"Formulaire d\u2019adh\u00e9sion - Explore Pontiac","isPartOf":{"@id":"https:\/\/explorepontiac.ca\/fr\/#website"},"datePublished":"2025-01-29T16:01:53+00:00","dateModified":"2025-04-06T17:06:13+00:00","breadcrumb":{"@id":"https:\/\/explorepontiac.ca\/fr\/formulaire-dadhesion\/#breadcrumb"},"inLanguage":"fr-FR","potentialAction":[{"@type":"ReadAction","target":["https:\/\/explorepontiac.ca\/fr\/formulaire-dadhesion\/"]}]},{"@type":"BreadcrumbList","@id":"https:\/\/explorepontiac.ca\/fr\/formulaire-dadhesion\/#breadcrumb","itemListElement":[{"@type":"ListItem","position":1,"name":"Home","item":"https:\/\/explorepontiac.ca\/fr\/"},{"@type":"ListItem","position":2,"name":"Formulaire d\u2019adh\u00e9sion"}]},{"@type":"WebSite","@id":"https:\/\/explorepontiac.ca\/fr\/#website","url":"https:\/\/explorepontiac.ca\/fr\/","name":"Explore Pontiac","description":"","publisher":{"@id":"https:\/\/explorepontiac.ca\/fr\/#organization"},"potentialAction":[{"@type":"SearchAction","target":{"@type":"EntryPoint","urlTemplate":"https:\/\/explorepontiac.ca\/fr\/?s={search_term_string}"},"query-input":{"@type":"PropertyValueSpecification","valueRequired":true,"valueName":"search_term_string"}}],"inLanguage":"fr-FR"},{"@type":"Organization","@id":"https:\/\/explorepontiac.ca\/fr\/#organization","name":"Explore Pontiac","url":"https:\/\/explorepontiac.ca\/fr\/","logo":{"@type":"ImageObject","inLanguage":"fr-FR","@id":"https:\/\/explorepontiac.ca\/fr\/#\/schema\/logo\/image\/","url":"https:\/\/explorepontiac.ca\/wp-content\/uploads\/2024\/03\/explore-pontiac-with-shadow.png","contentUrl":"https:\/\/explorepontiac.ca\/wp-content\/uploads\/2024\/03\/explore-pontiac-with-shadow.png","width":1389,"height":1330,"caption":"Explore Pontiac"},"image":{"@id":"https:\/\/explorepontiac.ca\/fr\/#\/schema\/logo\/image\/"},"sameAs":["https:\/\/www.instagram.com\/explore.pontiac\/"]}]}},"_links":{"self":[{"href":"https:\/\/explorepontiac.ca\/fr\/wp-json\/wp\/v2\/pages\/2794","targetHints":{"allow":["GET"]}}],"collection":[{"href":"https:\/\/explorepontiac.ca\/fr\/wp-json\/wp\/v2\/pages"}],"about":[{"href":"https:\/\/explorepontiac.ca\/fr\/wp-json\/wp\/v2\/types\/page"}],"author":[{"embeddable":true,"href":"https:\/\/explorepontiac.ca\/fr\/wp-json\/wp\/v2\/users\/1"}],"replies":[{"embeddable":true,"href":"https:\/\/explorepontiac.ca\/fr\/wp-json\/wp\/v2\/comments?post=2794"}],"version-history":[{"count":5,"href":"https:\/\/explorepontiac.ca\/fr\/wp-json\/wp\/v2\/pages\/2794\/revisions"}],"predecessor-version":[{"id":2800,"href":"https:\/\/explorepontiac.ca\/fr\/wp-json\/wp\/v2\/pages\/2794\/revisions\/2800"}],"wp:attachment":[{"href":"https:\/\/explorepontiac.ca\/fr\/wp-json\/wp\/v2\/media?parent=2794"}],"curies":[{"name":"wp","href":"https:\/\/api.w.org\/{rel}","templated":true}]}}