{"id":2491,"date":"2025-01-29T11:46:38","date_gmt":"2025-01-29T16:46:38","guid":{"rendered":"https:\/\/explorepontiac.ottawavalleymedia.ca\/contact-us\/"},"modified":"2025-04-11T11:35:07","modified_gmt":"2025-04-11T15:35:07","slug":"contactez-nous","status":"publish","type":"page","link":"https:\/\/explorepontiac.ca\/fr\/contactez-nous\/","title":{"rendered":"Contactez-nous"},"content":{"rendered":"\t\t<div data-elementor-type=\"wp-page\" data-elementor-id=\"2491\" class=\"elementor elementor-2491 elementor-2230\" data-elementor-post-type=\"page\">\n\t\t\t\t<div class=\"elementor-element elementor-element-522460a e-con-full e-flex e-con e-parent\" data-id=\"522460a\" data-element_type=\"container\" data-e-type=\"container\">\n\t\t<div class=\"elementor-element elementor-element-029900f e-con-full e-flex e-con e-child\" data-id=\"029900f\" data-element_type=\"container\" data-e-type=\"container\">\n\t\t<div class=\"elementor-element elementor-element-3a957ad e-con-full e-flex e-con e-child\" data-id=\"3a957ad\" data-element_type=\"container\" data-e-type=\"container\">\n\t\t\t\t<div class=\"elementor-element elementor-element-0f102a6 elementor-widget elementor-widget-heading\" data-id=\"0f102a6\" data-element_type=\"widget\" data-e-type=\"widget\" data-widget_type=\"heading.default\">\n\t\t\t\t<div class=\"elementor-widget-container\">\n\t\t\t\t\t<h2 class=\"elementor-heading-title elementor-size-default\">Vous \u00eates en visite?<\/h2>\t\t\t\t<\/div>\n\t\t\t\t<\/div>\n\t\t\t\t<div class=\"elementor-element elementor-element-8180af6 elementor-widget elementor-widget-text-editor\" data-id=\"8180af6\" data-element_type=\"widget\" data-e-type=\"widget\" data-widget_type=\"text-editor.default\">\n\t\t\t\t<div class=\"elementor-widget-container\">\n\t\t\t\t\t\t\t\t\t<p>Vous cherchez plus d\u2019id\u00e9es pour planifier votre s\u00e9jour dans le Pontiac? Visitez le site touristique officiel de la r\u00e9gion \u00e0 <a href=\"https:\/\/www.destinationpontiac.ca\/\"><strong>DestinationPontiac.ca<\/strong><\/a>.<\/p>\t\t\t\t\t\t\t\t<\/div>\n\t\t\t\t<\/div>\n\t\t\t\t<\/div>\n\t\t<div class=\"elementor-element elementor-element-2665a55 e-con-full e-flex e-con e-child\" data-id=\"2665a55\" data-element_type=\"container\" data-e-type=\"container\">\n\t\t\t\t<div class=\"elementor-element elementor-element-5f6d5ff elementor-widget elementor-widget-heading\" data-id=\"5f6d5ff\" data-element_type=\"widget\" data-e-type=\"widget\" data-widget_type=\"heading.default\">\n\t\t\t\t<div class=\"elementor-widget-container\">\n\t\t\t\t\t<h2 class=\"elementor-heading-title elementor-size-default\">Vous \u00eates une entreprise touristique?<\/h2>\t\t\t\t<\/div>\n\t\t\t\t<\/div>\n\t\t\t\t<div class=\"elementor-element elementor-element-71e7001 elementor-widget elementor-widget-text-editor\" data-id=\"71e7001\" data-element_type=\"widget\" data-e-type=\"widget\" data-widget_type=\"text-editor.default\">\n\t\t\t\t<div class=\"elementor-widget-container\">\n\t\t\t\t\t\t\t\t\t<p>L\u2019Association soutient l\u2019industrie touristique de la r\u00e9gion. Communiquez avec nous via le formulaire ci-dessous ou par courriel \u00e0 <a href=\"mailto:hello@explorepontiac.ca\">hello@explorepontiac.ca<\/a>.<\/p>\t\t\t\t\t\t\t\t<\/div>\n\t\t\t\t<\/div>\n\t\t\t\t<\/div>\n\t\t\t\t<\/div>\n\t\t\t\t<\/div>\n\t\t\t\t<\/div>\n\t\t","protected":false},"excerpt":{"rendered":"<p>Vous \u00eates en visite? Vous cherchez plus d\u2019id\u00e9es pour planifier votre s\u00e9jour dans le Pontiac? Visitez le site touristique officiel de la r\u00e9gion \u00e0 DestinationPontiac.ca. Vous \u00eates une entreprise touristique? L\u2019Association soutient l\u2019industrie touristique de la r\u00e9gion. Communiquez avec nous via le formulaire ci-dessous ou par courriel \u00e0 hello@explorepontiac.ca.<\/p>\n","protected":false},"author":1,"featured_media":2450,"parent":0,"menu_order":0,"comment_status":"closed","ping_status":"closed","template":"","meta":{"footnotes":""},"class_list":["post-2491","page","type-page","status-publish","has-post-thumbnail","hentry"],"yoast_head":"<!-- This site is optimized with the Yoast SEO plugin v27.3 - https:\/\/yoast.com\/product\/yoast-seo-wordpress\/ -->\n<title>Contactez-nous - Explore Pontiac<\/title>\n<meta name=\"robots\" content=\"index, follow, max-snippet:-1, max-image-preview:large, max-video-preview:-1\" \/>\n<link rel=\"canonical\" href=\"https:\/\/explorepontiac.ca\/fr\/contactez-nous\/\" \/>\n<meta property=\"og:locale\" content=\"fr_FR\" \/>\n<meta property=\"og:type\" content=\"article\" \/>\n<meta property=\"og:title\" content=\"Contactez-nous - Explore Pontiac\" \/>\n<meta property=\"og:description\" content=\"Vous \u00eates en visite? Vous cherchez plus d\u2019id\u00e9es pour planifier votre s\u00e9jour dans le Pontiac? Visitez le site touristique officiel de la r\u00e9gion \u00e0 DestinationPontiac.ca. Vous \u00eates une entreprise touristique? L\u2019Association soutient l\u2019industrie touristique de la r\u00e9gion. Communiquez avec nous via le formulaire ci-dessous ou par courriel \u00e0 hello@explorepontiac.ca.\" \/>\n<meta property=\"og:url\" content=\"https:\/\/explorepontiac.ca\/fr\/contactez-nous\/\" \/>\n<meta property=\"og:site_name\" content=\"Explore Pontiac\" \/>\n<meta property=\"article:modified_time\" content=\"2025-04-11T15:35:07+00:00\" \/>\n<meta property=\"og:image\" content=\"https:\/\/explorepontiac.ca\/wp-content\/uploads\/2025\/01\/6f89f2_8440359f8dbf46479db69e292bf1de74mv2.jpg\" \/>\n\t<meta property=\"og:image:width\" content=\"2048\" \/>\n\t<meta property=\"og:image:height\" content=\"1365\" \/>\n\t<meta property=\"og:image:type\" content=\"image\/jpeg\" \/>\n<meta name=\"twitter:card\" content=\"summary_large_image\" \/>\n<script type=\"application\/ld+json\" class=\"yoast-schema-graph\">{\"@context\":\"https:\\\/\\\/schema.org\",\"@graph\":[{\"@type\":\"WebPage\",\"@id\":\"https:\\\/\\\/explorepontiac.ca\\\/fr\\\/contactez-nous\\\/\",\"url\":\"https:\\\/\\\/explorepontiac.ca\\\/fr\\\/contactez-nous\\\/\",\"name\":\"Contactez-nous - Explore Pontiac\",\"isPartOf\":{\"@id\":\"https:\\\/\\\/explorepontiac.ca\\\/fr\\\/#website\"},\"primaryImageOfPage\":{\"@id\":\"https:\\\/\\\/explorepontiac.ca\\\/fr\\\/contactez-nous\\\/#primaryimage\"},\"image\":{\"@id\":\"https:\\\/\\\/explorepontiac.ca\\\/fr\\\/contactez-nous\\\/#primaryimage\"},\"thumbnailUrl\":\"https:\\\/\\\/explorepontiac.ca\\\/wp-content\\\/uploads\\\/2025\\\/01\\\/6f89f2_8440359f8dbf46479db69e292bf1de74mv2.jpg\",\"datePublished\":\"2025-01-29T16:46:38+00:00\",\"dateModified\":\"2025-04-11T15:35:07+00:00\",\"breadcrumb\":{\"@id\":\"https:\\\/\\\/explorepontiac.ca\\\/fr\\\/contactez-nous\\\/#breadcrumb\"},\"inLanguage\":\"fr-FR\",\"potentialAction\":[{\"@type\":\"ReadAction\",\"target\":[\"https:\\\/\\\/explorepontiac.ca\\\/fr\\\/contactez-nous\\\/\"]}]},{\"@type\":\"ImageObject\",\"inLanguage\":\"fr-FR\",\"@id\":\"https:\\\/\\\/explorepontiac.ca\\\/fr\\\/contactez-nous\\\/#primaryimage\",\"url\":\"https:\\\/\\\/explorepontiac.ca\\\/wp-content\\\/uploads\\\/2025\\\/01\\\/6f89f2_8440359f8dbf46479db69e292bf1de74mv2.jpg\",\"contentUrl\":\"https:\\\/\\\/explorepontiac.ca\\\/wp-content\\\/uploads\\\/2025\\\/01\\\/6f89f2_8440359f8dbf46479db69e292bf1de74mv2.jpg\",\"width\":2048,\"height\":1365,\"caption\":\"Harvested Here\"},{\"@type\":\"BreadcrumbList\",\"@id\":\"https:\\\/\\\/explorepontiac.ca\\\/fr\\\/contactez-nous\\\/#breadcrumb\",\"itemListElement\":[{\"@type\":\"ListItem\",\"position\":1,\"name\":\"Home\",\"item\":\"https:\\\/\\\/explorepontiac.ca\\\/fr\\\/\"},{\"@type\":\"ListItem\",\"position\":2,\"name\":\"Contactez-nous\"}]},{\"@type\":\"WebSite\",\"@id\":\"https:\\\/\\\/explorepontiac.ca\\\/fr\\\/#website\",\"url\":\"https:\\\/\\\/explorepontiac.ca\\\/fr\\\/\",\"name\":\"Explore Pontiac\",\"description\":\"\",\"publisher\":{\"@id\":\"https:\\\/\\\/explorepontiac.ca\\\/fr\\\/#organization\"},\"potentialAction\":[{\"@type\":\"SearchAction\",\"target\":{\"@type\":\"EntryPoint\",\"urlTemplate\":\"https:\\\/\\\/explorepontiac.ca\\\/fr\\\/?s={search_term_string}\"},\"query-input\":{\"@type\":\"PropertyValueSpecification\",\"valueRequired\":true,\"valueName\":\"search_term_string\"}}],\"inLanguage\":\"fr-FR\"},{\"@type\":\"Organization\",\"@id\":\"https:\\\/\\\/explorepontiac.ca\\\/fr\\\/#organization\",\"name\":\"Explore Pontiac\",\"url\":\"https:\\\/\\\/explorepontiac.ca\\\/fr\\\/\",\"logo\":{\"@type\":\"ImageObject\",\"inLanguage\":\"fr-FR\",\"@id\":\"https:\\\/\\\/explorepontiac.ca\\\/fr\\\/#\\\/schema\\\/logo\\\/image\\\/\",\"url\":\"https:\\\/\\\/explorepontiac.ca\\\/wp-content\\\/uploads\\\/2024\\\/03\\\/explore-pontiac-with-shadow.png\",\"contentUrl\":\"https:\\\/\\\/explorepontiac.ca\\\/wp-content\\\/uploads\\\/2024\\\/03\\\/explore-pontiac-with-shadow.png\",\"width\":1389,\"height\":1330,\"caption\":\"Explore Pontiac\"},\"image\":{\"@id\":\"https:\\\/\\\/explorepontiac.ca\\\/fr\\\/#\\\/schema\\\/logo\\\/image\\\/\"},\"sameAs\":[\"https:\\\/\\\/www.instagram.com\\\/explore.pontiac\\\/\"]}]}<\/script>\n<!-- \/ Yoast SEO plugin. -->","yoast_head_json":{"title":"Contactez-nous - Explore Pontiac","robots":{"index":"index","follow":"follow","max-snippet":"max-snippet:-1","max-image-preview":"max-image-preview:large","max-video-preview":"max-video-preview:-1"},"canonical":"https:\/\/explorepontiac.ca\/fr\/contactez-nous\/","og_locale":"fr_FR","og_type":"article","og_title":"Contactez-nous - Explore Pontiac","og_description":"Vous \u00eates en visite? Vous cherchez plus d\u2019id\u00e9es pour planifier votre s\u00e9jour dans le Pontiac? Visitez le site touristique officiel de la r\u00e9gion \u00e0 DestinationPontiac.ca. Vous \u00eates une entreprise touristique? L\u2019Association soutient l\u2019industrie touristique de la r\u00e9gion. Communiquez avec nous via le formulaire ci-dessous ou par courriel \u00e0 hello@explorepontiac.ca.","og_url":"https:\/\/explorepontiac.ca\/fr\/contactez-nous\/","og_site_name":"Explore Pontiac","article_modified_time":"2025-04-11T15:35:07+00:00","og_image":[{"width":2048,"height":1365,"url":"https:\/\/explorepontiac.ca\/wp-content\/uploads\/2025\/01\/6f89f2_8440359f8dbf46479db69e292bf1de74mv2.jpg","type":"image\/jpeg"}],"twitter_card":"summary_large_image","schema":{"@context":"https:\/\/schema.org","@graph":[{"@type":"WebPage","@id":"https:\/\/explorepontiac.ca\/fr\/contactez-nous\/","url":"https:\/\/explorepontiac.ca\/fr\/contactez-nous\/","name":"Contactez-nous - Explore Pontiac","isPartOf":{"@id":"https:\/\/explorepontiac.ca\/fr\/#website"},"primaryImageOfPage":{"@id":"https:\/\/explorepontiac.ca\/fr\/contactez-nous\/#primaryimage"},"image":{"@id":"https:\/\/explorepontiac.ca\/fr\/contactez-nous\/#primaryimage"},"thumbnailUrl":"https:\/\/explorepontiac.ca\/wp-content\/uploads\/2025\/01\/6f89f2_8440359f8dbf46479db69e292bf1de74mv2.jpg","datePublished":"2025-01-29T16:46:38+00:00","dateModified":"2025-04-11T15:35:07+00:00","breadcrumb":{"@id":"https:\/\/explorepontiac.ca\/fr\/contactez-nous\/#breadcrumb"},"inLanguage":"fr-FR","potentialAction":[{"@type":"ReadAction","target":["https:\/\/explorepontiac.ca\/fr\/contactez-nous\/"]}]},{"@type":"ImageObject","inLanguage":"fr-FR","@id":"https:\/\/explorepontiac.ca\/fr\/contactez-nous\/#primaryimage","url":"https:\/\/explorepontiac.ca\/wp-content\/uploads\/2025\/01\/6f89f2_8440359f8dbf46479db69e292bf1de74mv2.jpg","contentUrl":"https:\/\/explorepontiac.ca\/wp-content\/uploads\/2025\/01\/6f89f2_8440359f8dbf46479db69e292bf1de74mv2.jpg","width":2048,"height":1365,"caption":"Harvested Here"},{"@type":"BreadcrumbList","@id":"https:\/\/explorepontiac.ca\/fr\/contactez-nous\/#breadcrumb","itemListElement":[{"@type":"ListItem","position":1,"name":"Home","item":"https:\/\/explorepontiac.ca\/fr\/"},{"@type":"ListItem","position":2,"name":"Contactez-nous"}]},{"@type":"WebSite","@id":"https:\/\/explorepontiac.ca\/fr\/#website","url":"https:\/\/explorepontiac.ca\/fr\/","name":"Explore Pontiac","description":"","publisher":{"@id":"https:\/\/explorepontiac.ca\/fr\/#organization"},"potentialAction":[{"@type":"SearchAction","target":{"@type":"EntryPoint","urlTemplate":"https:\/\/explorepontiac.ca\/fr\/?s={search_term_string}"},"query-input":{"@type":"PropertyValueSpecification","valueRequired":true,"valueName":"search_term_string"}}],"inLanguage":"fr-FR"},{"@type":"Organization","@id":"https:\/\/explorepontiac.ca\/fr\/#organization","name":"Explore Pontiac","url":"https:\/\/explorepontiac.ca\/fr\/","logo":{"@type":"ImageObject","inLanguage":"fr-FR","@id":"https:\/\/explorepontiac.ca\/fr\/#\/schema\/logo\/image\/","url":"https:\/\/explorepontiac.ca\/wp-content\/uploads\/2024\/03\/explore-pontiac-with-shadow.png","contentUrl":"https:\/\/explorepontiac.ca\/wp-content\/uploads\/2024\/03\/explore-pontiac-with-shadow.png","width":1389,"height":1330,"caption":"Explore Pontiac"},"image":{"@id":"https:\/\/explorepontiac.ca\/fr\/#\/schema\/logo\/image\/"},"sameAs":["https:\/\/www.instagram.com\/explore.pontiac\/"]}]}},"_links":{"self":[{"href":"https:\/\/explorepontiac.ca\/fr\/wp-json\/wp\/v2\/pages\/2491","targetHints":{"allow":["GET"]}}],"collection":[{"href":"https:\/\/explorepontiac.ca\/fr\/wp-json\/wp\/v2\/pages"}],"about":[{"href":"https:\/\/explorepontiac.ca\/fr\/wp-json\/wp\/v2\/types\/page"}],"author":[{"embeddable":true,"href":"https:\/\/explorepontiac.ca\/fr\/wp-json\/wp\/v2\/users\/1"}],"replies":[{"embeddable":true,"href":"https:\/\/explorepontiac.ca\/fr\/wp-json\/wp\/v2\/comments?post=2491"}],"version-history":[{"count":5,"href":"https:\/\/explorepontiac.ca\/fr\/wp-json\/wp\/v2\/pages\/2491\/revisions"}],"predecessor-version":[{"id":2878,"href":"https:\/\/explorepontiac.ca\/fr\/wp-json\/wp\/v2\/pages\/2491\/revisions\/2878"}],"wp:featuredmedia":[{"embeddable":true,"href":"https:\/\/explorepontiac.ca\/fr\/wp-json\/wp\/v2\/media\/2450"}],"wp:attachment":[{"href":"https:\/\/explorepontiac.ca\/fr\/wp-json\/wp\/v2\/media?parent=2491"}],"curies":[{"name":"wp","href":"https:\/\/api.w.org\/{rel}","templated":true}]}}