{"id":2489,"date":"2024-03-04T23:16:29","date_gmt":"2024-03-05T04:16:29","guid":{"rendered":"https:\/\/explorepontiac.ottawavalleymedia.ca\/acomodations\/"},"modified":"2025-04-06T14:01:55","modified_gmt":"2025-04-06T18:01:55","slug":"ou-dormir","status":"publish","type":"page","link":"https:\/\/explorepontiac.ca\/fr\/ou-dormir\/","title":{"rendered":"O\u00f9 dormir"},"content":{"rendered":"\t\t<div data-elementor-type=\"wp-page\" data-elementor-id=\"2489\" class=\"elementor elementor-2489 elementor-2\" data-elementor-post-type=\"page\">\n\t\t\t\t<div class=\"elementor-element elementor-element-e6f7f4e e-con-full e-flex e-con e-parent\" data-id=\"e6f7f4e\" data-element_type=\"container\" data-e-type=\"container\" data-settings=\"{&quot;background_background&quot;:&quot;classic&quot;}\">\n\t\t\t\t<div class=\"elementor-element elementor-element-418ec56 elementor-widget__width-initial elementor-widget elementor-widget-text-editor\" data-id=\"418ec56\" data-element_type=\"widget\" data-e-type=\"widget\" data-widget_type=\"text-editor.default\">\n\t\t\t\t<div class=\"elementor-widget-container\">\n\t\t\t\t\t\t\t\t\t<p style=\"text-align: center;\"><br \/>Que vous cherchiez un chalet douillet, une auberge de charme ou un camping sous les \u00e9toiles, le Pontiac offre des h\u00e9bergements pour tous les voyageurs. S\u00e9journez confortablement dans un lodge historique, r\u00e9veillez-vous en pleine nature dans un chalet au bord d\u2019un lac ou installez votre caravane le long d\u2019une route panoramique. Peu importe votre style, vous trouverez l\u2019endroit id\u00e9al pour vous reposer et recharger vos batteries.<\/p>\t\t\t\t\t\t\t\t<\/div>\n\t\t\t\t<\/div>\n\t\t\t\t<div class=\"elementor-element elementor-element-ae551c1 elementor-view-default elementor-widget elementor-widget-icon\" data-id=\"ae551c1\" data-element_type=\"widget\" data-e-type=\"widget\" data-widget_type=\"icon.default\">\n\t\t\t\t<div class=\"elementor-widget-container\">\n\t\t\t\t\t\t\t<div class=\"elementor-icon-wrapper\">\n\t\t\t<div class=\"elementor-icon\">\n\t\t\t<svg aria-hidden=\"true\" class=\"e-font-icon-svg e-fas-chevron-down\" viewBox=\"0 0 448 512\" xmlns=\"http:\/\/www.w3.org\/2000\/svg\"><path d=\"M207.029 381.476L12.686 187.132c-9.373-9.373-9.373-24.569 0-33.941l22.667-22.667c9.357-9.357 24.522-9.375 33.901-.04L224 284.505l154.745-154.021c9.379-9.335 24.544-9.317 33.901.04l22.667 22.667c9.373 9.373 9.373 24.569 0 33.941L240.971 381.476c-9.373 9.372-24.569 9.372-33.942 0z\"><\/path><\/svg>\t\t\t<\/div>\n\t\t<\/div>\n\t\t\t\t\t\t<\/div>\n\t\t\t\t<\/div>\n\t\t\t\t<\/div>\n\t\t<div class=\"elementor-element elementor-element-c7750f9 e-flex e-con-boxed e-con e-parent\" data-id=\"c7750f9\" data-element_type=\"container\" data-e-type=\"container\" data-settings=\"{&quot;background_background&quot;:&quot;classic&quot;}\">\n\t\t\t\t\t<div class=\"e-con-inner\">\n\t\t<div class=\"elementor-element elementor-element-e37866d e-con-full e-flex e-con e-child\" data-id=\"e37866d\" data-element_type=\"container\" data-e-type=\"container\">\n\t\t\t\t<div class=\"elementor-element elementor-element-f5fd49a elementor-widget elementor-widget-heading\" data-id=\"f5fd49a\" data-element_type=\"widget\" data-e-type=\"widget\" data-widget_type=\"heading.default\">\n\t\t\t\t<div class=\"elementor-widget-container\">\n\t\t\t\t\t<h2 class=\"elementor-heading-title elementor-size-default\">Tout le confort de la ville<\/h2>\t\t\t\t<\/div>\n\t\t\t\t<\/div>\n\t\t\t\t<div class=\"elementor-element elementor-element-e859fbf elementor-widget elementor-widget-text-editor\" data-id=\"e859fbf\" data-element_type=\"widget\" data-e-type=\"widget\" data-widget_type=\"text-editor.default\">\n\t\t\t\t<div class=\"elementor-widget-container\">\n\t\t\t\t\t\t\t\t\t<p><strong>Dans le Pontiac, l\u2019aventure et le confort vont de pair.\u00a0<\/strong>Que vous soyez en escapade d\u2019un week-end ou en s\u00e9jour prolong\u00e9, <strong><a href=\"https:\/\/www.pine-lodge.ca\/\">Pine Lodge<\/a> \u00e0 Bristol<\/strong> offre une retraite chaleureuse avec des commodit\u00e9s modernes, une cuisine savoureuse et une vue imprenable sur la rivi\u00e8re des Outaouais. Ce lodge historique allie charme rustique et confort contemporain, parfait pour les familles, les couples ou les voyageurs en qu\u00eate de d\u00e9tente apr\u00e8s une journ\u00e9e d\u2019exploration.<\/p><p>Pour une touche d\u2019\u00e9l\u00e9gance et d\u2019histoire, <strong><a href=\"https:\/\/spruceholmeinn.com\/\">SpruceHolme Inn<\/a> \u00e0 Fort-Coulonge<\/strong> propose une exp\u00e9rience boutique avec des chambres patrimoniales restaur\u00e9es, une fine cuisine et une ambiance accueillante. Ancienne demeure de la famille Bryson, cette maison majestueuse allie charme classique et luxe moderne.<\/p><p>Que vous pr\u00e9f\u00e9riez un chalet au bord d\u2019un lac ou une suite patrimoniale, le Pontiac vous garantit un s\u00e9jour confortable, tout en restant proche de la nature et des attractions locales.<\/p>\t\t\t\t\t\t\t\t<\/div>\n\t\t\t\t<\/div>\n\t\t\t\t<\/div>\n\t\t<div class=\"elementor-element elementor-element-d75ea32 e-con-full e-flex e-con e-child\" data-id=\"d75ea32\" data-element_type=\"container\" data-e-type=\"container\">\n\t\t\t\t<div class=\"elementor-element elementor-element-6a7087e e-transform elementor-widget elementor-widget-image\" data-id=\"6a7087e\" data-element_type=\"widget\" data-e-type=\"widget\" data-settings=\"{&quot;_transform_scale_effect_hover&quot;:{&quot;unit&quot;:&quot;px&quot;,&quot;size&quot;:1.100000000000000088817841970012523233890533447265625,&quot;sizes&quot;:[]},&quot;_transform_scale_effect_hover_tablet&quot;:{&quot;unit&quot;:&quot;px&quot;,&quot;size&quot;:&quot;&quot;,&quot;sizes&quot;:[]},&quot;_transform_scale_effect_hover_mobile&quot;:{&quot;unit&quot;:&quot;px&quot;,&quot;size&quot;:&quot;&quot;,&quot;sizes&quot;:[]}}\" data-widget_type=\"image.default\">\n\t\t\t\t<div class=\"elementor-widget-container\">\n\t\t\t\t\t\t\t\t\t\t\t\t\t\t\t\t<a href=\"https:\/\/spruceholmeinn.com\/\" target=\"_blank\">\n\t\t\t\t\t\t\t<img fetchpriority=\"high\" decoding=\"async\" width=\"800\" height=\"534\" src=\"https:\/\/explorepontiac.ca\/wp-content\/uploads\/2024\/03\/SpruceholmeInn03-1024x684.jpg\" class=\"attachment-large size-large wp-image-2369\" alt=\"\" srcset=\"https:\/\/explorepontiac.ca\/wp-content\/uploads\/2024\/03\/SpruceholmeInn03-1024x684.jpg 1024w, https:\/\/explorepontiac.ca\/wp-content\/uploads\/2024\/03\/SpruceholmeInn03-scaled-600x401.jpg 600w, https:\/\/explorepontiac.ca\/wp-content\/uploads\/2024\/03\/SpruceholmeInn03-300x200.jpg 300w, https:\/\/explorepontiac.ca\/wp-content\/uploads\/2024\/03\/SpruceholmeInn03-768x513.jpg 768w, https:\/\/explorepontiac.ca\/wp-content\/uploads\/2024\/03\/SpruceholmeInn03-1536x1026.jpg 1536w, https:\/\/explorepontiac.ca\/wp-content\/uploads\/2024\/03\/SpruceholmeInn03-2048x1367.jpg 2048w\" sizes=\"(max-width: 800px) 100vw, 800px\" \/>\t\t\t\t\t\t\t\t<\/a>\n\t\t\t\t\t\t\t\t\t\t\t\t\t\t\t<\/div>\n\t\t\t\t<\/div>\n\t\t\t\t<\/div>\n\t\t\t\t\t<\/div>\n\t\t\t\t<\/div>\n\t\t<div class=\"elementor-element elementor-element-11d1582 e-flex e-con-boxed e-con e-parent\" data-id=\"11d1582\" data-element_type=\"container\" data-e-type=\"container\" data-settings=\"{&quot;background_background&quot;:&quot;classic&quot;}\">\n\t\t\t\t\t<div class=\"e-con-inner\">\n\t\t<div class=\"elementor-element elementor-element-3f41b7d e-con-full e-flex e-con e-child\" data-id=\"3f41b7d\" data-element_type=\"container\" data-e-type=\"container\">\n\t\t\t\t<div class=\"elementor-element elementor-element-0116c93 e-transform elementor-widget elementor-widget-image\" data-id=\"0116c93\" data-element_type=\"widget\" data-e-type=\"widget\" data-settings=\"{&quot;_transform_scale_effect_hover&quot;:{&quot;unit&quot;:&quot;px&quot;,&quot;size&quot;:1.100000000000000088817841970012523233890533447265625,&quot;sizes&quot;:[]},&quot;_transform_scale_effect_hover_tablet&quot;:{&quot;unit&quot;:&quot;px&quot;,&quot;size&quot;:&quot;&quot;,&quot;sizes&quot;:[]},&quot;_transform_scale_effect_hover_mobile&quot;:{&quot;unit&quot;:&quot;px&quot;,&quot;size&quot;:&quot;&quot;,&quot;sizes&quot;:[]}}\" data-widget_type=\"image.default\">\n\t\t\t\t<div class=\"elementor-widget-container\">\n\t\t\t\t\t\t\t\t\t\t\t\t\t\t\t\t<a href=\"https:\/\/www.chaletsprunella.com\/\" target=\"_blank\">\n\t\t\t\t\t\t\t<img decoding=\"async\" width=\"800\" height=\"600\" src=\"https:\/\/explorepontiac.ca\/wp-content\/uploads\/2025\/01\/chalets-prunella-1024x768.jpg\" class=\"attachment-large size-large wp-image-2464\" alt=\"\" srcset=\"https:\/\/explorepontiac.ca\/wp-content\/uploads\/2025\/01\/chalets-prunella-1024x768.jpg 1024w, https:\/\/explorepontiac.ca\/wp-content\/uploads\/2025\/01\/chalets-prunella-300x225.jpg 300w, https:\/\/explorepontiac.ca\/wp-content\/uploads\/2025\/01\/chalets-prunella-768x576.jpg 768w, https:\/\/explorepontiac.ca\/wp-content\/uploads\/2025\/01\/chalets-prunella-1536x1152.jpg 1536w, https:\/\/explorepontiac.ca\/wp-content\/uploads\/2025\/01\/chalets-prunella-600x450.jpg 600w, https:\/\/explorepontiac.ca\/wp-content\/uploads\/2025\/01\/chalets-prunella.jpg 2048w\" sizes=\"(max-width: 800px) 100vw, 800px\" \/>\t\t\t\t\t\t\t\t<\/a>\n\t\t\t\t\t\t\t\t\t\t\t\t\t\t\t<\/div>\n\t\t\t\t<\/div>\n\t\t\t\t<\/div>\n\t\t<div class=\"elementor-element elementor-element-59a6e45 e-con-full e-flex e-con e-child\" data-id=\"59a6e45\" data-element_type=\"container\" data-e-type=\"container\">\n\t\t\t\t<div class=\"elementor-element elementor-element-edd74d4 elementor-widget elementor-widget-heading\" data-id=\"edd74d4\" data-element_type=\"widget\" data-e-type=\"widget\" data-widget_type=\"heading.default\">\n\t\t\t\t<div class=\"elementor-widget-container\">\n\t\t\t\t\t<h2 class=\"elementor-heading-title elementor-size-default\">\u00c9vadez-vous en for\u00eat<\/h2>\t\t\t\t<\/div>\n\t\t\t\t<\/div>\n\t\t\t\t<div class=\"elementor-element elementor-element-0f28317 elementor-widget elementor-widget-text-editor\" data-id=\"0f28317\" data-element_type=\"widget\" data-e-type=\"widget\" data-widget_type=\"text-editor.default\">\n\t\t\t\t<div class=\"elementor-widget-container\">\n\t\t\t\t\t\t\t\t\t<p>Pour une v\u00e9ritable immersion en nature, le Pontiac propose des h\u00e9bergements uniques qui vous rapprochent de la for\u00eat.<\/p><p>Les <a href=\"https:\/\/www.hillhaus.ca\/\"><strong><span style=\"color: #000000;\">HilHaus Domes<\/span><\/strong><\/a> offrent une escapade hors r\u00e9seau o\u00f9 vous pouvez observer les \u00e9toiles depuis un d\u00f4me g\u00e9od\u00e9sique entour\u00e9 de nature. Pour un s\u00e9jour rustique mais confortable, louez une yourte au <strong><span style=\"color: #000000;\"><a style=\"color: #000000;\" href=\"https:\/\/www.chutescoulonge.ca\">Parc des Chutes Coulonge<\/a><\/span>,<\/strong> o\u00f9 cascades et pins majestueux cr\u00e9ent un cadre id\u00e9al pour la d\u00e9tente. R\u00e9veillez-vous au chant des oiseaux, respirez l\u2019air pur et laissez-vous porter par la tranquillit\u00e9 des lieux.<\/p><p>Pour une touche d\u2019aventure sans compromis sur le confort, les <strong>Chalets Prunella<\/strong> \u00e0 Thorne proposent des cabines modernes et \u00e9l\u00e9gantes, \u00e0 quelques pas des lacs et sentiers. Ces retraites bien pens\u00e9es permettent de profiter de la nature tout en ayant tout le n\u00e9cessaire \u00e0 port\u00e9e de main.<\/p><p>Que vous choisissiez une yourte isol\u00e9e, un d\u00f4me sous les \u00e9toiles ou un chalet douillet, le Pontiac rend l\u2019\u00e9vasion en pleine nature aussi simple que ressour\u00e7ante.<\/p>\t\t\t\t\t\t\t\t<\/div>\n\t\t\t\t<\/div>\n\t\t\t\t<\/div>\n\t\t\t\t\t<\/div>\n\t\t\t\t<\/div>\n\t\t<div class=\"elementor-element elementor-element-ce21cdc e-flex e-con-boxed e-con e-parent\" data-id=\"ce21cdc\" data-element_type=\"container\" data-e-type=\"container\" data-settings=\"{&quot;background_background&quot;:&quot;classic&quot;}\">\n\t\t\t\t\t<div class=\"e-con-inner\">\n\t\t<div class=\"elementor-element elementor-element-7475fbe e-con-full e-flex e-con e-child\" data-id=\"7475fbe\" data-element_type=\"container\" data-e-type=\"container\">\n\t\t\t\t<div class=\"elementor-element elementor-element-e03748b elementor-widget elementor-widget-heading\" data-id=\"e03748b\" data-element_type=\"widget\" data-e-type=\"widget\" data-widget_type=\"heading.default\">\n\t\t\t\t<div class=\"elementor-widget-container\">\n\t\t\t\t\t<h2 class=\"elementor-heading-title elementor-size-default\">Un s\u00e9jour \u00e0 votre rythme<\/h2>\t\t\t\t<\/div>\n\t\t\t\t<\/div>\n\t\t\t\t<div class=\"elementor-element elementor-element-b12fd24 elementor-widget elementor-widget-text-editor\" data-id=\"b12fd24\" data-element_type=\"widget\" data-e-type=\"widget\" data-widget_type=\"text-editor.default\">\n\t\t\t\t<div class=\"elementor-widget-container\">\n\t\t\t\t\t\t\t\t\t<p>Que vous voyagiez en van am\u00e9nag\u00e9 ou que vous plantiez votre tente sous les \u00e9toiles, le Pontiac offre des s\u00e9jours flexibles pour tous les aventuriers. <strong><a href=\"https:\/\/destinationpontiac.ca\/tourisme\/route148\/\">La Route Vanlife<\/a> le long de la route 148<\/strong> est id\u00e9ale pour les road trippers, avec des arr\u00eats panoramiques, des attractions locales et des endroits d\u00e9sign\u00e9s pour passer la nuit. Des haltes au bord de la rivi\u00e8re aux villages accueillants, cette route vous permet d\u2019explorer le Pontiac \u00e0 votre propre rythme, en vous r\u00e9veillant chaque jour avec une nouvelle vue.<\/p><p>Pour les amateurs de camping, plusieurs <strong>campings du Pontiac<\/strong> conviennent aussi bien aux aventuriers qu\u2019aux familles. Installez votre campement au <a href=\"https:\/\/parcleslie.com\/\"><strong>Parc Leslie<\/strong><\/a>, o\u00f9 sentiers forestiers et lacs paisibles offrent un cadre parfait, ou profitez des emplacements en bord de plage au <a href=\"https:\/\/lacajim.ca\/\"><strong>Lac Jim<\/strong><\/a>. Que vous soyez en <strong>VR, en tente ou quelque part entre les deux<\/strong>, le Pontiac vous offre mille et une fa\u00e7ons de profiter du plein air\u2014selon vos envies.<\/p>\t\t\t\t\t\t\t\t<\/div>\n\t\t\t\t<\/div>\n\t\t\t\t<\/div>\n\t\t<div class=\"elementor-element elementor-element-ac9ce9a e-con-full e-flex e-con e-child\" data-id=\"ac9ce9a\" data-element_type=\"container\" data-e-type=\"container\">\n\t\t\t\t<div class=\"elementor-element elementor-element-984eb24 e-transform elementor-widget elementor-widget-image\" data-id=\"984eb24\" data-element_type=\"widget\" data-e-type=\"widget\" data-settings=\"{&quot;_transform_scale_effect_hover&quot;:{&quot;unit&quot;:&quot;px&quot;,&quot;size&quot;:1.100000000000000088817841970012523233890533447265625,&quot;sizes&quot;:[]},&quot;_transform_scale_effect_hover_tablet&quot;:{&quot;unit&quot;:&quot;px&quot;,&quot;size&quot;:&quot;&quot;,&quot;sizes&quot;:[]},&quot;_transform_scale_effect_hover_mobile&quot;:{&quot;unit&quot;:&quot;px&quot;,&quot;size&quot;:&quot;&quot;,&quot;sizes&quot;:[]}}\" data-widget_type=\"image.default\">\n\t\t\t\t<div class=\"elementor-widget-container\">\n\t\t\t\t\t\t\t\t\t\t\t\t\t\t\t<img decoding=\"async\" width=\"800\" height=\"599\" src=\"https:\/\/explorepontiac.ca\/wp-content\/uploads\/2025\/01\/camping-in-tno-1024x767.jpg\" class=\"attachment-large size-large wp-image-2467\" alt=\"Discover our wild side\" srcset=\"https:\/\/explorepontiac.ca\/wp-content\/uploads\/2025\/01\/camping-in-tno-1024x767.jpg 1024w, https:\/\/explorepontiac.ca\/wp-content\/uploads\/2025\/01\/camping-in-tno-300x225.jpg 300w, https:\/\/explorepontiac.ca\/wp-content\/uploads\/2025\/01\/camping-in-tno-768x575.jpg 768w, https:\/\/explorepontiac.ca\/wp-content\/uploads\/2025\/01\/camping-in-tno-1536x1150.jpg 1536w, https:\/\/explorepontiac.ca\/wp-content\/uploads\/2025\/01\/camping-in-tno-600x449.jpg 600w, https:\/\/explorepontiac.ca\/wp-content\/uploads\/2025\/01\/camping-in-tno.jpg 2000w\" sizes=\"(max-width: 800px) 100vw, 800px\" \/>\t\t\t\t\t\t\t\t\t\t\t\t\t\t\t<\/div>\n\t\t\t\t<\/div>\n\t\t\t\t<\/div>\n\t\t\t\t\t<\/div>\n\t\t\t\t<\/div>\n\t\t\t\t<\/div>\n\t\t","protected":false},"excerpt":{"rendered":"<p>Que vous cherchiez un chalet douillet, une auberge de charme ou un camping sous les \u00e9toiles, le Pontiac offre des h\u00e9bergements pour tous les voyageurs. S\u00e9journez confortablement dans un lodge historique, r\u00e9veillez-vous en pleine nature dans un chalet au bord d\u2019un lac ou installez votre caravane le long d\u2019une route panoramique. Peu importe votre style, [&hellip;]<\/p>\n","protected":false},"author":1,"featured_media":2395,"parent":0,"menu_order":0,"comment_status":"closed","ping_status":"open","template":"","meta":{"footnotes":""},"class_list":["post-2489","page","type-page","status-publish","has-post-thumbnail","hentry"],"yoast_head":"<!-- This site is optimized with the Yoast SEO plugin v27.3 - https:\/\/yoast.com\/product\/yoast-seo-wordpress\/ -->\n<title>O\u00f9 dormir - Explore Pontiac<\/title>\n<meta name=\"robots\" content=\"index, follow, max-snippet:-1, max-image-preview:large, max-video-preview:-1\" \/>\n<link rel=\"canonical\" href=\"https:\/\/explorepontiac.ca\/fr\/ou-dormir\/\" \/>\n<meta property=\"og:locale\" content=\"fr_FR\" \/>\n<meta property=\"og:type\" content=\"article\" \/>\n<meta property=\"og:title\" content=\"O\u00f9 dormir - Explore Pontiac\" \/>\n<meta property=\"og:description\" content=\"Que vous cherchiez un chalet douillet, une auberge de charme ou un camping sous les \u00e9toiles, le Pontiac offre des h\u00e9bergements pour tous les voyageurs. S\u00e9journez confortablement dans un lodge historique, r\u00e9veillez-vous en pleine nature dans un chalet au bord d\u2019un lac ou installez votre caravane le long d\u2019une route panoramique. Peu importe votre style, [&hellip;]\" \/>\n<meta property=\"og:url\" content=\"https:\/\/explorepontiac.ca\/fr\/ou-dormir\/\" \/>\n<meta property=\"og:site_name\" content=\"Explore Pontiac\" \/>\n<meta property=\"article:modified_time\" content=\"2025-04-06T18:01:55+00:00\" \/>\n<meta property=\"og:image\" content=\"https:\/\/explorepontiac.ca\/wp-content\/uploads\/2024\/09\/pine-lodge.jpg\" \/>\n\t<meta property=\"og:image:width\" content=\"2048\" \/>\n\t<meta property=\"og:image:height\" content=\"1367\" \/>\n\t<meta property=\"og:image:type\" content=\"image\/jpeg\" \/>\n<meta name=\"twitter:card\" content=\"summary_large_image\" \/>\n<meta name=\"twitter:label1\" content=\"Dur\u00e9e de lecture estim\u00e9e\" \/>\n\t<meta name=\"twitter:data1\" content=\"3 minutes\" \/>\n<script type=\"application\/ld+json\" class=\"yoast-schema-graph\">{\"@context\":\"https:\\\/\\\/schema.org\",\"@graph\":[{\"@type\":\"WebPage\",\"@id\":\"https:\\\/\\\/explorepontiac.ca\\\/fr\\\/ou-dormir\\\/\",\"url\":\"https:\\\/\\\/explorepontiac.ca\\\/fr\\\/ou-dormir\\\/\",\"name\":\"O\u00f9 dormir - Explore Pontiac\",\"isPartOf\":{\"@id\":\"https:\\\/\\\/explorepontiac.ca\\\/fr\\\/#website\"},\"primaryImageOfPage\":{\"@id\":\"https:\\\/\\\/explorepontiac.ca\\\/fr\\\/ou-dormir\\\/#primaryimage\"},\"image\":{\"@id\":\"https:\\\/\\\/explorepontiac.ca\\\/fr\\\/ou-dormir\\\/#primaryimage\"},\"thumbnailUrl\":\"https:\\\/\\\/explorepontiac.ca\\\/wp-content\\\/uploads\\\/2024\\\/09\\\/pine-lodge.jpg\",\"datePublished\":\"2024-03-05T04:16:29+00:00\",\"dateModified\":\"2025-04-06T18:01:55+00:00\",\"breadcrumb\":{\"@id\":\"https:\\\/\\\/explorepontiac.ca\\\/fr\\\/ou-dormir\\\/#breadcrumb\"},\"inLanguage\":\"fr-FR\",\"potentialAction\":[{\"@type\":\"ReadAction\",\"target\":[\"https:\\\/\\\/explorepontiac.ca\\\/fr\\\/ou-dormir\\\/\"]}]},{\"@type\":\"ImageObject\",\"inLanguage\":\"fr-FR\",\"@id\":\"https:\\\/\\\/explorepontiac.ca\\\/fr\\\/ou-dormir\\\/#primaryimage\",\"url\":\"https:\\\/\\\/explorepontiac.ca\\\/wp-content\\\/uploads\\\/2024\\\/09\\\/pine-lodge.jpg\",\"contentUrl\":\"https:\\\/\\\/explorepontiac.ca\\\/wp-content\\\/uploads\\\/2024\\\/09\\\/pine-lodge.jpg\",\"width\":2048,\"height\":1367},{\"@type\":\"BreadcrumbList\",\"@id\":\"https:\\\/\\\/explorepontiac.ca\\\/fr\\\/ou-dormir\\\/#breadcrumb\",\"itemListElement\":[{\"@type\":\"ListItem\",\"position\":1,\"name\":\"Home\",\"item\":\"https:\\\/\\\/explorepontiac.ca\\\/fr\\\/\"},{\"@type\":\"ListItem\",\"position\":2,\"name\":\"O\u00f9 dormir\"}]},{\"@type\":\"WebSite\",\"@id\":\"https:\\\/\\\/explorepontiac.ca\\\/fr\\\/#website\",\"url\":\"https:\\\/\\\/explorepontiac.ca\\\/fr\\\/\",\"name\":\"Explore Pontiac\",\"description\":\"\",\"publisher\":{\"@id\":\"https:\\\/\\\/explorepontiac.ca\\\/fr\\\/#organization\"},\"potentialAction\":[{\"@type\":\"SearchAction\",\"target\":{\"@type\":\"EntryPoint\",\"urlTemplate\":\"https:\\\/\\\/explorepontiac.ca\\\/fr\\\/?s={search_term_string}\"},\"query-input\":{\"@type\":\"PropertyValueSpecification\",\"valueRequired\":true,\"valueName\":\"search_term_string\"}}],\"inLanguage\":\"fr-FR\"},{\"@type\":\"Organization\",\"@id\":\"https:\\\/\\\/explorepontiac.ca\\\/fr\\\/#organization\",\"name\":\"Explore Pontiac\",\"url\":\"https:\\\/\\\/explorepontiac.ca\\\/fr\\\/\",\"logo\":{\"@type\":\"ImageObject\",\"inLanguage\":\"fr-FR\",\"@id\":\"https:\\\/\\\/explorepontiac.ca\\\/fr\\\/#\\\/schema\\\/logo\\\/image\\\/\",\"url\":\"https:\\\/\\\/explorepontiac.ca\\\/wp-content\\\/uploads\\\/2024\\\/03\\\/explore-pontiac-with-shadow.png\",\"contentUrl\":\"https:\\\/\\\/explorepontiac.ca\\\/wp-content\\\/uploads\\\/2024\\\/03\\\/explore-pontiac-with-shadow.png\",\"width\":1389,\"height\":1330,\"caption\":\"Explore Pontiac\"},\"image\":{\"@id\":\"https:\\\/\\\/explorepontiac.ca\\\/fr\\\/#\\\/schema\\\/logo\\\/image\\\/\"},\"sameAs\":[\"https:\\\/\\\/www.instagram.com\\\/explore.pontiac\\\/\"]}]}<\/script>\n<!-- \/ Yoast SEO plugin. -->","yoast_head_json":{"title":"O\u00f9 dormir - Explore Pontiac","robots":{"index":"index","follow":"follow","max-snippet":"max-snippet:-1","max-image-preview":"max-image-preview:large","max-video-preview":"max-video-preview:-1"},"canonical":"https:\/\/explorepontiac.ca\/fr\/ou-dormir\/","og_locale":"fr_FR","og_type":"article","og_title":"O\u00f9 dormir - Explore Pontiac","og_description":"Que vous cherchiez un chalet douillet, une auberge de charme ou un camping sous les \u00e9toiles, le Pontiac offre des h\u00e9bergements pour tous les voyageurs. S\u00e9journez confortablement dans un lodge historique, r\u00e9veillez-vous en pleine nature dans un chalet au bord d\u2019un lac ou installez votre caravane le long d\u2019une route panoramique. Peu importe votre style, [&hellip;]","og_url":"https:\/\/explorepontiac.ca\/fr\/ou-dormir\/","og_site_name":"Explore Pontiac","article_modified_time":"2025-04-06T18:01:55+00:00","og_image":[{"width":2048,"height":1367,"url":"https:\/\/explorepontiac.ca\/wp-content\/uploads\/2024\/09\/pine-lodge.jpg","type":"image\/jpeg"}],"twitter_card":"summary_large_image","twitter_misc":{"Dur\u00e9e de lecture estim\u00e9e":"3 minutes"},"schema":{"@context":"https:\/\/schema.org","@graph":[{"@type":"WebPage","@id":"https:\/\/explorepontiac.ca\/fr\/ou-dormir\/","url":"https:\/\/explorepontiac.ca\/fr\/ou-dormir\/","name":"O\u00f9 dormir - Explore Pontiac","isPartOf":{"@id":"https:\/\/explorepontiac.ca\/fr\/#website"},"primaryImageOfPage":{"@id":"https:\/\/explorepontiac.ca\/fr\/ou-dormir\/#primaryimage"},"image":{"@id":"https:\/\/explorepontiac.ca\/fr\/ou-dormir\/#primaryimage"},"thumbnailUrl":"https:\/\/explorepontiac.ca\/wp-content\/uploads\/2024\/09\/pine-lodge.jpg","datePublished":"2024-03-05T04:16:29+00:00","dateModified":"2025-04-06T18:01:55+00:00","breadcrumb":{"@id":"https:\/\/explorepontiac.ca\/fr\/ou-dormir\/#breadcrumb"},"inLanguage":"fr-FR","potentialAction":[{"@type":"ReadAction","target":["https:\/\/explorepontiac.ca\/fr\/ou-dormir\/"]}]},{"@type":"ImageObject","inLanguage":"fr-FR","@id":"https:\/\/explorepontiac.ca\/fr\/ou-dormir\/#primaryimage","url":"https:\/\/explorepontiac.ca\/wp-content\/uploads\/2024\/09\/pine-lodge.jpg","contentUrl":"https:\/\/explorepontiac.ca\/wp-content\/uploads\/2024\/09\/pine-lodge.jpg","width":2048,"height":1367},{"@type":"BreadcrumbList","@id":"https:\/\/explorepontiac.ca\/fr\/ou-dormir\/#breadcrumb","itemListElement":[{"@type":"ListItem","position":1,"name":"Home","item":"https:\/\/explorepontiac.ca\/fr\/"},{"@type":"ListItem","position":2,"name":"O\u00f9 dormir"}]},{"@type":"WebSite","@id":"https:\/\/explorepontiac.ca\/fr\/#website","url":"https:\/\/explorepontiac.ca\/fr\/","name":"Explore Pontiac","description":"","publisher":{"@id":"https:\/\/explorepontiac.ca\/fr\/#organization"},"potentialAction":[{"@type":"SearchAction","target":{"@type":"EntryPoint","urlTemplate":"https:\/\/explorepontiac.ca\/fr\/?s={search_term_string}"},"query-input":{"@type":"PropertyValueSpecification","valueRequired":true,"valueName":"search_term_string"}}],"inLanguage":"fr-FR"},{"@type":"Organization","@id":"https:\/\/explorepontiac.ca\/fr\/#organization","name":"Explore Pontiac","url":"https:\/\/explorepontiac.ca\/fr\/","logo":{"@type":"ImageObject","inLanguage":"fr-FR","@id":"https:\/\/explorepontiac.ca\/fr\/#\/schema\/logo\/image\/","url":"https:\/\/explorepontiac.ca\/wp-content\/uploads\/2024\/03\/explore-pontiac-with-shadow.png","contentUrl":"https:\/\/explorepontiac.ca\/wp-content\/uploads\/2024\/03\/explore-pontiac-with-shadow.png","width":1389,"height":1330,"caption":"Explore Pontiac"},"image":{"@id":"https:\/\/explorepontiac.ca\/fr\/#\/schema\/logo\/image\/"},"sameAs":["https:\/\/www.instagram.com\/explore.pontiac\/"]}]}},"_links":{"self":[{"href":"https:\/\/explorepontiac.ca\/fr\/wp-json\/wp\/v2\/pages\/2489","targetHints":{"allow":["GET"]}}],"collection":[{"href":"https:\/\/explorepontiac.ca\/fr\/wp-json\/wp\/v2\/pages"}],"about":[{"href":"https:\/\/explorepontiac.ca\/fr\/wp-json\/wp\/v2\/types\/page"}],"author":[{"embeddable":true,"href":"https:\/\/explorepontiac.ca\/fr\/wp-json\/wp\/v2\/users\/1"}],"replies":[{"embeddable":true,"href":"https:\/\/explorepontiac.ca\/fr\/wp-json\/wp\/v2\/comments?post=2489"}],"version-history":[{"count":5,"href":"https:\/\/explorepontiac.ca\/fr\/wp-json\/wp\/v2\/pages\/2489\/revisions"}],"predecessor-version":[{"id":2856,"href":"https:\/\/explorepontiac.ca\/fr\/wp-json\/wp\/v2\/pages\/2489\/revisions\/2856"}],"wp:featuredmedia":[{"embeddable":true,"href":"https:\/\/explorepontiac.ca\/fr\/wp-json\/wp\/v2\/media\/2395"}],"wp:attachment":[{"href":"https:\/\/explorepontiac.ca\/fr\/wp-json\/wp\/v2\/media?parent=2489"}],"curies":[{"name":"wp","href":"https:\/\/api.w.org\/{rel}","templated":true}]}}