{"id":2470,"date":"2024-03-04T23:24:45","date_gmt":"2024-03-05T04:24:45","guid":{"rendered":"https:\/\/explorepontiac.ottawavalleymedia.ca\/home\/"},"modified":"2025-05-12T13:56:20","modified_gmt":"2025-05-12T17:56:20","slug":"home","status":"publish","type":"page","link":"https:\/\/explorepontiac.ca\/fr\/","title":{"rendered":"Homepage"},"content":{"rendered":"\t\t<div data-elementor-type=\"wp-post\" data-elementor-id=\"2470\" class=\"elementor elementor-2470 elementor-9\" data-elementor-post-type=\"page\">\n\t\t\t\t<div class=\"elementor-element elementor-element-f7780db e-flex e-con-boxed e-con e-parent\" data-id=\"f7780db\" data-element_type=\"container\" data-e-type=\"container\" data-settings=\"{&quot;background_background&quot;:&quot;video&quot;,&quot;background_video_link&quot;:&quot;https:\\\/\\\/youtu.be\\\/D0wo1D2C4oY&quot;}\">\n\t\t\t\t\t<div class=\"e-con-inner\">\n\t\t<div class=\"elementor-background-video-container elementor-hidden-mobile\">\n\t\t\t\t\t\t\t<div class=\"elementor-background-video-embed\" role=\"presentation\"><\/div>\n\t\t\t\t\t\t<\/div>\t\t<div class=\"elementor-element elementor-element-6ad98a5 elementor-hidden-mobile elementor-widget elementor-widget-heading\" data-id=\"6ad98a5\" data-element_type=\"widget\" data-e-type=\"widget\" data-widget_type=\"heading.default\">\n\t\t\t\t<div class=\"elementor-widget-container\">\n\t\t\t\t\t<h1 class=\"elementor-heading-title elementor-size-default\">PONTIAC QUEBEC CANADA<\/h1>\t\t\t\t<\/div>\n\t\t\t\t<\/div>\n\t\t\t\t<div class=\"elementor-element elementor-element-299bedd elementor-hidden-desktop elementor-hidden-tablet elementor-widget elementor-widget-heading\" data-id=\"299bedd\" data-element_type=\"widget\" data-e-type=\"widget\" data-widget_type=\"heading.default\">\n\t\t\t\t<div class=\"elementor-widget-container\">\n\t\t\t\t\t<h1 class=\"elementor-heading-title elementor-size-default\">PONTIAC QUEBEC CANADA<\/h1>\t\t\t\t<\/div>\n\t\t\t\t<\/div>\n\t\t\t\t<div class=\"elementor-element elementor-element-76f9143 elementor-hidden-mobile elementor-widget elementor-widget-heading\" data-id=\"76f9143\" data-element_type=\"widget\" data-e-type=\"widget\" data-widget_type=\"heading.default\">\n\t\t\t\t<div class=\"elementor-widget-container\">\n\t\t\t\t\t<h2 class=\"elementor-heading-title elementor-size-default\">L\u00e0 o\u00f9 chaque route est panoramique.<\/h2>\t\t\t\t<\/div>\n\t\t\t\t<\/div>\n\t\t\t\t<div class=\"elementor-element elementor-element-3724d2e elementor-hidden-desktop elementor-hidden-tablet elementor-widget elementor-widget-heading\" data-id=\"3724d2e\" data-element_type=\"widget\" data-e-type=\"widget\" data-widget_type=\"heading.default\">\n\t\t\t\t<div class=\"elementor-widget-container\">\n\t\t\t\t\t<h2 class=\"elementor-heading-title elementor-size-default\">L\u00e0 o\u00f9 chaque route est panoramique.<\/h2>\t\t\t\t<\/div>\n\t\t\t\t<\/div>\n\t\t\t\t\t<\/div>\n\t\t\t\t<\/div>\n\t\t<div class=\"elementor-element elementor-element-267d0c1 e-con-full e-flex e-con e-parent\" data-id=\"267d0c1\" data-element_type=\"container\" data-e-type=\"container\">\n\t\t<a class=\"elementor-element elementor-element-dda9477 e-flex e-con-boxed e-con e-child\" data-id=\"dda9477\" data-element_type=\"container\" data-e-type=\"container\" data-settings=\"{&quot;background_background&quot;:&quot;classic&quot;}\" href=\"https:\/\/explorepontiac.ca\/acomodations\/\">\n\t\t\t\t\t<div class=\"e-con-inner\">\n\t\t\t\t<div class=\"elementor-element elementor-element-f2a3af4 elementor-widget elementor-widget-heading\" data-id=\"f2a3af4\" data-element_type=\"widget\" data-e-type=\"widget\" data-widget_type=\"heading.default\">\n\t\t\t\t<div class=\"elementor-widget-container\">\n\t\t\t\t\t<h3 class=\"elementor-heading-title elementor-size-default\">QUE FAIRE<\/h3>\t\t\t\t<\/div>\n\t\t\t\t<\/div>\n\t\t\t\t\t<\/div>\n\t\t\t\t<\/a>\n\t\t<a class=\"elementor-element elementor-element-c2b0f13 e-flex e-con-boxed e-con e-child\" data-id=\"c2b0f13\" data-element_type=\"container\" data-e-type=\"container\" data-settings=\"{&quot;background_background&quot;:&quot;classic&quot;}\" href=\"https:\/\/explorepontiac.ca\/acomodations\/\">\n\t\t\t\t\t<div class=\"e-con-inner\">\n\t\t\t\t<div class=\"elementor-element elementor-element-29f1f59 elementor-widget elementor-widget-heading\" data-id=\"29f1f59\" data-element_type=\"widget\" data-e-type=\"widget\" data-widget_type=\"heading.default\">\n\t\t\t\t<div class=\"elementor-widget-container\">\n\t\t\t\t\t<h3 class=\"elementor-heading-title elementor-size-default\">O\u00f9 dormir<\/h3>\t\t\t\t<\/div>\n\t\t\t\t<\/div>\n\t\t\t\t\t<\/div>\n\t\t\t\t<\/a>\n\t\t<a class=\"elementor-element elementor-element-e286c37 e-flex e-con-boxed e-con e-child\" data-id=\"e286c37\" data-element_type=\"container\" data-e-type=\"container\" data-settings=\"{&quot;background_background&quot;:&quot;classic&quot;}\" href=\"https:\/\/explorepontiac.ca\/foodie-guide\/\">\n\t\t\t\t\t<div class=\"e-con-inner\">\n\t\t\t\t<div class=\"elementor-element elementor-element-962a72d elementor-widget elementor-widget-heading\" data-id=\"962a72d\" data-element_type=\"widget\" data-e-type=\"widget\" data-widget_type=\"heading.default\">\n\t\t\t\t<div class=\"elementor-widget-container\">\n\t\t\t\t\t<h3 class=\"elementor-heading-title elementor-size-default\">Quoi manger<\/h3>\t\t\t\t<\/div>\n\t\t\t\t<\/div>\n\t\t\t\t\t<\/div>\n\t\t\t\t<\/a>\n\t\t\t\t<\/div>\n\t\t<div class=\"elementor-element elementor-element-aef66b6 e-con-full e-flex e-con e-parent\" data-id=\"aef66b6\" data-element_type=\"container\" data-e-type=\"container\" data-settings=\"{&quot;background_background&quot;:&quot;classic&quot;}\">\n\t\t<div class=\"elementor-element elementor-element-7af77fa e-con-full e-flex e-con e-child\" data-id=\"7af77fa\" data-element_type=\"container\" data-e-type=\"container\">\n\t\t\t\t<div class=\"elementor-element elementor-element-d57f143 elementor-widget elementor-widget-heading\" data-id=\"d57f143\" data-element_type=\"widget\" data-e-type=\"widget\" data-widget_type=\"heading.default\">\n\t\t\t\t<div class=\"elementor-widget-container\">\n\t\t\t\t\t<h2 class=\"elementor-heading-title elementor-size-default\">Explorez le Pontiac<\/h2>\t\t\t\t<\/div>\n\t\t\t\t<\/div>\n\t\t\t\t<div class=\"elementor-element elementor-element-47d5482 elementor-widget elementor-widget-text-editor\" data-id=\"47d5482\" data-element_type=\"widget\" data-e-type=\"widget\" data-widget_type=\"text-editor.default\">\n\t\t\t\t<div class=\"elementor-widget-container\">\n\t\t\t\t\t\t\t\t\t<p>D\u00e9couvrez la r\u00e9gion du Pontiac, \u00e0 l\u2019ouest du Qu\u00e9bec, \u00e0 seulement 75 km de la capitale nationale du Canada! \u00c0 une courte distance d\u2019Ottawa, Montr\u00e9al et Toronto, le Pontiac est reconnu pour ses communaut\u00e9s authentiques et sa beaut\u00e9 naturelle. Une escapade sur la route 148 vous \u00e9loigne du rythme urbain vers un coin paisible de l\u2019Outaouais, rempli d\u2019exp\u00e9riences inoubliables.<\/p><p>Plongez dans les paysages spectaculaires qui d\u00e9finissent le Pontiac. Imaginez-vous entour\u00e9 de for\u00eats verdoyantes, de collines pittoresques et de rivi\u00e8res parfaites pour la navigation. Mais ce n\u2019est pas tout \u2013 le Pontiac abrite aussi de charmantes municipalit\u00e9s, chacune avec son propre caract\u00e8re. Profitez de leur ambiance chaleureuse, de caf\u00e9s accueillants, de boutiques locales et de magnifiques rives. Venez d\u00e9couvrir les tr\u00e9sors cach\u00e9s du Pontiac, en plein c\u0153ur de l\u2019Outaouais!<\/p>\t\t\t\t\t\t\t\t<\/div>\n\t\t\t\t<\/div>\n\t\t\t\t<div class=\"elementor-element elementor-element-b45860a elementor-widget elementor-widget-button\" data-id=\"b45860a\" data-element_type=\"widget\" data-e-type=\"widget\" data-widget_type=\"button.default\">\n\t\t\t\t<div class=\"elementor-widget-container\">\n\t\t\t\t\t\t\t\t\t<div class=\"elementor-button-wrapper\">\n\t\t\t\t\t<a class=\"elementor-button elementor-button-link elementor-size-sm\" href=\"https:\/\/destinationpontiac.ca\/territoire\/\">\n\t\t\t\t\t\t<span class=\"elementor-button-content-wrapper\">\n\t\t\t\t\t\t\t\t\t<span class=\"elementor-button-text\">En savoir plus sur le Pontiac<\/span>\n\t\t\t\t\t<\/span>\n\t\t\t\t\t<\/a>\n\t\t\t\t<\/div>\n\t\t\t\t\t\t\t\t<\/div>\n\t\t\t\t<\/div>\n\t\t\t\t<\/div>\n\t\t\t\t<\/div>\n\t\t<div class=\"elementor-element elementor-element-a7dd3e4 e-con-full e-flex e-con e-parent\" data-id=\"a7dd3e4\" data-element_type=\"container\" data-e-type=\"container\" data-settings=\"{&quot;background_background&quot;:&quot;classic&quot;}\">\n\t\t<div class=\"elementor-element elementor-element-1b219b0 e-con-full e-flex e-con e-child\" data-id=\"1b219b0\" data-element_type=\"container\" data-e-type=\"container\">\n\t\t<div class=\"elementor-element elementor-element-eb267fd e-con-full elementor-hidden-desktop elementor-hidden-tablet e-flex e-con e-child\" data-id=\"eb267fd\" data-element_type=\"container\" data-e-type=\"container\" data-settings=\"{&quot;background_background&quot;:&quot;classic&quot;}\">\n\t\t\t\t<div class=\"elementor-element elementor-element-da6c0c9 elementor-widget__width-initial elementor-widget elementor-widget-image\" data-id=\"da6c0c9\" data-element_type=\"widget\" data-e-type=\"widget\" data-widget_type=\"image.default\">\n\t\t\t\t<div class=\"elementor-widget-container\">\n\t\t\t\t\t\t\t\t\t\t\t\t\t\t\t<img fetchpriority=\"high\" decoding=\"async\" width=\"1389\" height=\"1330\" src=\"https:\/\/explorepontiac.ca\/wp-content\/uploads\/2025\/04\/explore-pontiac-with-shadow.png\" class=\"attachment-full size-full wp-image-2603\" alt=\"Explore Pontiac\" srcset=\"https:\/\/explorepontiac.ca\/wp-content\/uploads\/2025\/04\/explore-pontiac-with-shadow.png 1389w, https:\/\/explorepontiac.ca\/wp-content\/uploads\/2025\/04\/explore-pontiac-with-shadow-300x287.png 300w, https:\/\/explorepontiac.ca\/wp-content\/uploads\/2025\/04\/explore-pontiac-with-shadow-1024x981.png 1024w, https:\/\/explorepontiac.ca\/wp-content\/uploads\/2025\/04\/explore-pontiac-with-shadow-768x735.png 768w, https:\/\/explorepontiac.ca\/wp-content\/uploads\/2025\/04\/explore-pontiac-with-shadow-600x575.png 600w\" sizes=\"(max-width: 1389px) 100vw, 1389px\" \/>\t\t\t\t\t\t\t\t\t\t\t\t\t\t\t<\/div>\n\t\t\t\t<\/div>\n\t\t\t\t<\/div>\n\t\t\t\t<div class=\"elementor-element elementor-element-e15ec58 elementor-widget elementor-widget-heading\" data-id=\"e15ec58\" data-element_type=\"widget\" data-e-type=\"widget\" data-widget_type=\"heading.default\">\n\t\t\t\t<div class=\"elementor-widget-container\">\n\t\t\t\t\t<h2 class=\"elementor-heading-title elementor-size-default\">Association touristique du Pontiac<\/h2>\t\t\t\t<\/div>\n\t\t\t\t<\/div>\n\t\t\t\t<div class=\"elementor-element elementor-element-fca23aa elementor-widget elementor-widget-text-editor\" data-id=\"fca23aa\" data-element_type=\"widget\" data-e-type=\"widget\" data-widget_type=\"text-editor.default\">\n\t\t\t\t<div class=\"elementor-widget-container\">\n\t\t\t\t\t\t\t\t\t<p>Nous sommes un organisme d\u00e9di\u00e9 \u00e0 la promotion et au d\u00e9veloppement de l\u2019industrie touristique dans la magnifique r\u00e9gion du Pontiac, en Outaouais, Qu\u00e9bec. En mettant en valeur les richesses naturelles, historiques et culturelles du territoire, l\u2019Association vise \u00e0 offrir des exp\u00e9riences inoubliables aux visiteurs, tout en soutenant les entreprises locales et en favorisant la croissance \u00e9conomique. Des sentiers de randonn\u00e9e pittoresques aux festivals anim\u00e9s en passant par les sites patrimoniaux captivants, l\u2019Association touristique du Pontiac joue un r\u00f4le cl\u00e9 dans la mise en lumi\u00e8re des tr\u00e9sors cach\u00e9s de cette r\u00e9gion unique.<\/p>\t\t\t\t\t\t\t\t<\/div>\n\t\t\t\t<\/div>\n\t\t\t\t<div class=\"elementor-element elementor-element-5916f0c elementor-widget elementor-widget-button\" data-id=\"5916f0c\" data-element_type=\"widget\" data-e-type=\"widget\" data-widget_type=\"button.default\">\n\t\t\t\t<div class=\"elementor-widget-container\">\n\t\t\t\t\t\t\t\t\t<div class=\"elementor-button-wrapper\">\n\t\t\t\t\t<a class=\"elementor-button elementor-button-link elementor-size-sm\" href=\"https:\/\/explorepontiac.ca\/about-us\/\">\n\t\t\t\t\t\t<span class=\"elementor-button-content-wrapper\">\n\t\t\t\t\t\t\t\t\t<span class=\"elementor-button-text\">EN SAVOIR PLUS<\/span>\n\t\t\t\t\t<\/span>\n\t\t\t\t\t<\/a>\n\t\t\t\t<\/div>\n\t\t\t\t\t\t\t\t<\/div>\n\t\t\t\t<\/div>\n\t\t\t\t<\/div>\n\t\t<div class=\"elementor-element elementor-element-3f16c91 e-con-full elementor-hidden-mobile e-flex e-con e-child\" data-id=\"3f16c91\" data-element_type=\"container\" data-e-type=\"container\" data-settings=\"{&quot;background_background&quot;:&quot;classic&quot;}\">\n\t\t\t\t<div class=\"elementor-element elementor-element-24c59ee elementor-widget__width-initial elementor-widget elementor-widget-image\" data-id=\"24c59ee\" data-element_type=\"widget\" data-e-type=\"widget\" data-widget_type=\"image.default\">\n\t\t\t\t<div class=\"elementor-widget-container\">\n\t\t\t\t\t\t\t\t\t\t\t\t\t\t\t<img fetchpriority=\"high\" decoding=\"async\" width=\"1389\" height=\"1330\" src=\"https:\/\/explorepontiac.ca\/wp-content\/uploads\/2025\/04\/explore-pontiac-with-shadow.png\" class=\"attachment-full size-full wp-image-2603\" alt=\"Explore Pontiac\" srcset=\"https:\/\/explorepontiac.ca\/wp-content\/uploads\/2025\/04\/explore-pontiac-with-shadow.png 1389w, https:\/\/explorepontiac.ca\/wp-content\/uploads\/2025\/04\/explore-pontiac-with-shadow-300x287.png 300w, https:\/\/explorepontiac.ca\/wp-content\/uploads\/2025\/04\/explore-pontiac-with-shadow-1024x981.png 1024w, https:\/\/explorepontiac.ca\/wp-content\/uploads\/2025\/04\/explore-pontiac-with-shadow-768x735.png 768w, https:\/\/explorepontiac.ca\/wp-content\/uploads\/2025\/04\/explore-pontiac-with-shadow-600x575.png 600w\" sizes=\"(max-width: 1389px) 100vw, 1389px\" \/>\t\t\t\t\t\t\t\t\t\t\t\t\t\t\t<\/div>\n\t\t\t\t<\/div>\n\t\t\t\t<\/div>\n\t\t\t\t<\/div>\n\t\t<div class=\"elementor-element elementor-element-485310f e-flex e-con-boxed e-con e-parent\" data-id=\"485310f\" data-element_type=\"container\" data-e-type=\"container\" data-settings=\"{&quot;background_background&quot;:&quot;classic&quot;}\">\n\t\t\t\t\t<div class=\"e-con-inner\">\n\t\t\t\t<div class=\"elementor-element elementor-element-9900842 elementor-widget elementor-widget-heading\" data-id=\"9900842\" data-element_type=\"widget\" data-e-type=\"widget\" data-widget_type=\"heading.default\">\n\t\t\t\t<div class=\"elementor-widget-container\">\n\t\t\t\t\t<h2 class=\"elementor-heading-title elementor-size-default\">Explore<\/h2>\t\t\t\t<\/div>\n\t\t\t\t<\/div>\n\t\t\t\t\t<\/div>\n\t\t\t\t<\/div>\n\t\t\t\t<\/div>\n\t\t","protected":false},"excerpt":{"rendered":"<p>PONTIAC QUEBEC CANADA PONTIAC QUEBEC CANADA L\u00e0 o\u00f9 chaque route est panoramique. L\u00e0 o\u00f9 chaque route est panoramique. QUE FAIRE O\u00f9 dormir Quoi manger Explorez le Pontiac D\u00e9couvrez la r\u00e9gion du Pontiac, \u00e0 l\u2019ouest du Qu\u00e9bec, \u00e0 seulement 75 km de la capitale nationale du Canada! \u00c0 une courte distance d\u2019Ottawa, Montr\u00e9al et Toronto, le [&hellip;]<\/p>\n","protected":false},"author":1,"featured_media":2995,"parent":0,"menu_order":0,"comment_status":"closed","ping_status":"closed","template":"elementor_header_footer","meta":{"footnotes":""},"class_list":["post-2470","page","type-page","status-publish","has-post-thumbnail","hentry"],"yoast_head":"<!-- This site is optimized with the Yoast SEO plugin v27.3 - https:\/\/yoast.com\/product\/yoast-seo-wordpress\/ -->\n<title>Explore Pontiac - L\u00e0 o\u00f9 chaque route est panoramique<\/title>\n<meta name=\"description\" content=\"D\u00e9couvrez la r\u00e9gion du Pontiac, au Qu\u00e9bec \u2014 une destination pleine d\u2019aventures, de culture locale et d\u2019exp\u00e9riences inoubliables. Planifiez votre visite avec ExplorePontiac.ca.\" \/>\n<meta name=\"robots\" content=\"index, follow, max-snippet:-1, max-image-preview:large, max-video-preview:-1\" \/>\n<link rel=\"canonical\" href=\"https:\/\/explorepontiac.ca\/fr\/\" \/>\n<meta property=\"og:locale\" content=\"fr_FR\" \/>\n<meta property=\"og:type\" content=\"article\" \/>\n<meta property=\"og:title\" content=\"Explore Pontiac - L\u00e0 o\u00f9 chaque route est panoramique\" \/>\n<meta property=\"og:description\" content=\"D\u00e9couvrez la r\u00e9gion du Pontiac, au Qu\u00e9bec \u2014 une destination pleine d\u2019aventures, de culture locale et d\u2019exp\u00e9riences inoubliables. Planifiez votre visite avec ExplorePontiac.ca.\" \/>\n<meta property=\"og:url\" content=\"https:\/\/explorepontiac.ca\/fr\/\" \/>\n<meta property=\"og:site_name\" content=\"Explore Pontiac\" \/>\n<meta property=\"article:modified_time\" content=\"2025-05-12T17:56:20+00:00\" \/>\n<meta property=\"og:image\" content=\"https:\/\/explorepontiac.ca\/wp-content\/uploads\/2025\/05\/explore-pontiac-social.jpg\" \/>\n\t<meta property=\"og:image:width\" content=\"1920\" \/>\n\t<meta property=\"og:image:height\" content=\"1280\" \/>\n\t<meta property=\"og:image:type\" content=\"image\/jpeg\" \/>\n<meta name=\"twitter:card\" content=\"summary_large_image\" \/>\n<meta name=\"twitter:label1\" content=\"Dur\u00e9e de lecture estim\u00e9e\" \/>\n\t<meta name=\"twitter:data1\" content=\"2 minutes\" \/>\n<script type=\"application\/ld+json\" class=\"yoast-schema-graph\">{\"@context\":\"https:\\\/\\\/schema.org\",\"@graph\":[{\"@type\":\"WebPage\",\"@id\":\"https:\\\/\\\/explorepontiac.ca\\\/fr\\\/\",\"url\":\"https:\\\/\\\/explorepontiac.ca\\\/fr\\\/\",\"name\":\"Explore Pontiac - L\u00e0 o\u00f9 chaque route est panoramique\",\"isPartOf\":{\"@id\":\"https:\\\/\\\/explorepontiac.ca\\\/fr\\\/#website\"},\"primaryImageOfPage\":{\"@id\":\"https:\\\/\\\/explorepontiac.ca\\\/fr\\\/#primaryimage\"},\"image\":{\"@id\":\"https:\\\/\\\/explorepontiac.ca\\\/fr\\\/#primaryimage\"},\"thumbnailUrl\":\"https:\\\/\\\/explorepontiac.ca\\\/wp-content\\\/uploads\\\/2025\\\/05\\\/explore-pontiac-social.jpg\",\"datePublished\":\"2024-03-05T04:24:45+00:00\",\"dateModified\":\"2025-05-12T17:56:20+00:00\",\"description\":\"D\u00e9couvrez la r\u00e9gion du Pontiac, au Qu\u00e9bec \u2014 une destination pleine d\u2019aventures, de culture locale et d\u2019exp\u00e9riences inoubliables. Planifiez votre visite avec ExplorePontiac.ca.\",\"breadcrumb\":{\"@id\":\"https:\\\/\\\/explorepontiac.ca\\\/fr\\\/#breadcrumb\"},\"inLanguage\":\"fr-FR\",\"potentialAction\":[{\"@type\":\"ReadAction\",\"target\":[\"https:\\\/\\\/explorepontiac.ca\\\/fr\\\/\"]}]},{\"@type\":\"ImageObject\",\"inLanguage\":\"fr-FR\",\"@id\":\"https:\\\/\\\/explorepontiac.ca\\\/fr\\\/#primaryimage\",\"url\":\"https:\\\/\\\/explorepontiac.ca\\\/wp-content\\\/uploads\\\/2025\\\/05\\\/explore-pontiac-social.jpg\",\"contentUrl\":\"https:\\\/\\\/explorepontiac.ca\\\/wp-content\\\/uploads\\\/2025\\\/05\\\/explore-pontiac-social.jpg\",\"width\":1920,\"height\":1280,\"caption\":\"Explore Pontiac\"},{\"@type\":\"BreadcrumbList\",\"@id\":\"https:\\\/\\\/explorepontiac.ca\\\/fr\\\/#breadcrumb\",\"itemListElement\":[{\"@type\":\"ListItem\",\"position\":1,\"name\":\"Home\",\"item\":\"https:\\\/\\\/explorepontiac.ca\\\/fr\\\/\"},{\"@type\":\"ListItem\",\"position\":2,\"name\":\"Homepage\"}]},{\"@type\":\"WebSite\",\"@id\":\"https:\\\/\\\/explorepontiac.ca\\\/fr\\\/#website\",\"url\":\"https:\\\/\\\/explorepontiac.ca\\\/fr\\\/\",\"name\":\"Explore Pontiac\",\"description\":\"\",\"publisher\":{\"@id\":\"https:\\\/\\\/explorepontiac.ca\\\/fr\\\/#organization\"},\"potentialAction\":[{\"@type\":\"SearchAction\",\"target\":{\"@type\":\"EntryPoint\",\"urlTemplate\":\"https:\\\/\\\/explorepontiac.ca\\\/fr\\\/?s={search_term_string}\"},\"query-input\":{\"@type\":\"PropertyValueSpecification\",\"valueRequired\":true,\"valueName\":\"search_term_string\"}}],\"inLanguage\":\"fr-FR\"},{\"@type\":\"Organization\",\"@id\":\"https:\\\/\\\/explorepontiac.ca\\\/fr\\\/#organization\",\"name\":\"Explore Pontiac\",\"url\":\"https:\\\/\\\/explorepontiac.ca\\\/fr\\\/\",\"logo\":{\"@type\":\"ImageObject\",\"inLanguage\":\"fr-FR\",\"@id\":\"https:\\\/\\\/explorepontiac.ca\\\/fr\\\/#\\\/schema\\\/logo\\\/image\\\/\",\"url\":\"https:\\\/\\\/explorepontiac.ca\\\/wp-content\\\/uploads\\\/2024\\\/03\\\/explore-pontiac-with-shadow.png\",\"contentUrl\":\"https:\\\/\\\/explorepontiac.ca\\\/wp-content\\\/uploads\\\/2024\\\/03\\\/explore-pontiac-with-shadow.png\",\"width\":1389,\"height\":1330,\"caption\":\"Explore Pontiac\"},\"image\":{\"@id\":\"https:\\\/\\\/explorepontiac.ca\\\/fr\\\/#\\\/schema\\\/logo\\\/image\\\/\"},\"sameAs\":[\"https:\\\/\\\/www.instagram.com\\\/explore.pontiac\\\/\"]}]}<\/script>\n<!-- \/ Yoast SEO plugin. -->","yoast_head_json":{"title":"Explore Pontiac - L\u00e0 o\u00f9 chaque route est panoramique","description":"D\u00e9couvrez la r\u00e9gion du Pontiac, au Qu\u00e9bec \u2014 une destination pleine d\u2019aventures, de culture locale et d\u2019exp\u00e9riences inoubliables. Planifiez votre visite avec ExplorePontiac.ca.","robots":{"index":"index","follow":"follow","max-snippet":"max-snippet:-1","max-image-preview":"max-image-preview:large","max-video-preview":"max-video-preview:-1"},"canonical":"https:\/\/explorepontiac.ca\/fr\/","og_locale":"fr_FR","og_type":"article","og_title":"Explore Pontiac - L\u00e0 o\u00f9 chaque route est panoramique","og_description":"D\u00e9couvrez la r\u00e9gion du Pontiac, au Qu\u00e9bec \u2014 une destination pleine d\u2019aventures, de culture locale et d\u2019exp\u00e9riences inoubliables. Planifiez votre visite avec ExplorePontiac.ca.","og_url":"https:\/\/explorepontiac.ca\/fr\/","og_site_name":"Explore Pontiac","article_modified_time":"2025-05-12T17:56:20+00:00","og_image":[{"width":1920,"height":1280,"url":"https:\/\/explorepontiac.ca\/wp-content\/uploads\/2025\/05\/explore-pontiac-social.jpg","type":"image\/jpeg"}],"twitter_card":"summary_large_image","twitter_misc":{"Dur\u00e9e de lecture estim\u00e9e":"2 minutes"},"schema":{"@context":"https:\/\/schema.org","@graph":[{"@type":"WebPage","@id":"https:\/\/explorepontiac.ca\/fr\/","url":"https:\/\/explorepontiac.ca\/fr\/","name":"Explore Pontiac - L\u00e0 o\u00f9 chaque route est panoramique","isPartOf":{"@id":"https:\/\/explorepontiac.ca\/fr\/#website"},"primaryImageOfPage":{"@id":"https:\/\/explorepontiac.ca\/fr\/#primaryimage"},"image":{"@id":"https:\/\/explorepontiac.ca\/fr\/#primaryimage"},"thumbnailUrl":"https:\/\/explorepontiac.ca\/wp-content\/uploads\/2025\/05\/explore-pontiac-social.jpg","datePublished":"2024-03-05T04:24:45+00:00","dateModified":"2025-05-12T17:56:20+00:00","description":"D\u00e9couvrez la r\u00e9gion du Pontiac, au Qu\u00e9bec \u2014 une destination pleine d\u2019aventures, de culture locale et d\u2019exp\u00e9riences inoubliables. Planifiez votre visite avec ExplorePontiac.ca.","breadcrumb":{"@id":"https:\/\/explorepontiac.ca\/fr\/#breadcrumb"},"inLanguage":"fr-FR","potentialAction":[{"@type":"ReadAction","target":["https:\/\/explorepontiac.ca\/fr\/"]}]},{"@type":"ImageObject","inLanguage":"fr-FR","@id":"https:\/\/explorepontiac.ca\/fr\/#primaryimage","url":"https:\/\/explorepontiac.ca\/wp-content\/uploads\/2025\/05\/explore-pontiac-social.jpg","contentUrl":"https:\/\/explorepontiac.ca\/wp-content\/uploads\/2025\/05\/explore-pontiac-social.jpg","width":1920,"height":1280,"caption":"Explore Pontiac"},{"@type":"BreadcrumbList","@id":"https:\/\/explorepontiac.ca\/fr\/#breadcrumb","itemListElement":[{"@type":"ListItem","position":1,"name":"Home","item":"https:\/\/explorepontiac.ca\/fr\/"},{"@type":"ListItem","position":2,"name":"Homepage"}]},{"@type":"WebSite","@id":"https:\/\/explorepontiac.ca\/fr\/#website","url":"https:\/\/explorepontiac.ca\/fr\/","name":"Explore Pontiac","description":"","publisher":{"@id":"https:\/\/explorepontiac.ca\/fr\/#organization"},"potentialAction":[{"@type":"SearchAction","target":{"@type":"EntryPoint","urlTemplate":"https:\/\/explorepontiac.ca\/fr\/?s={search_term_string}"},"query-input":{"@type":"PropertyValueSpecification","valueRequired":true,"valueName":"search_term_string"}}],"inLanguage":"fr-FR"},{"@type":"Organization","@id":"https:\/\/explorepontiac.ca\/fr\/#organization","name":"Explore Pontiac","url":"https:\/\/explorepontiac.ca\/fr\/","logo":{"@type":"ImageObject","inLanguage":"fr-FR","@id":"https:\/\/explorepontiac.ca\/fr\/#\/schema\/logo\/image\/","url":"https:\/\/explorepontiac.ca\/wp-content\/uploads\/2024\/03\/explore-pontiac-with-shadow.png","contentUrl":"https:\/\/explorepontiac.ca\/wp-content\/uploads\/2024\/03\/explore-pontiac-with-shadow.png","width":1389,"height":1330,"caption":"Explore Pontiac"},"image":{"@id":"https:\/\/explorepontiac.ca\/fr\/#\/schema\/logo\/image\/"},"sameAs":["https:\/\/www.instagram.com\/explore.pontiac\/"]}]}},"_links":{"self":[{"href":"https:\/\/explorepontiac.ca\/fr\/wp-json\/wp\/v2\/pages\/2470","targetHints":{"allow":["GET"]}}],"collection":[{"href":"https:\/\/explorepontiac.ca\/fr\/wp-json\/wp\/v2\/pages"}],"about":[{"href":"https:\/\/explorepontiac.ca\/fr\/wp-json\/wp\/v2\/types\/page"}],"author":[{"embeddable":true,"href":"https:\/\/explorepontiac.ca\/fr\/wp-json\/wp\/v2\/users\/1"}],"replies":[{"embeddable":true,"href":"https:\/\/explorepontiac.ca\/fr\/wp-json\/wp\/v2\/comments?post=2470"}],"version-history":[{"count":5,"href":"https:\/\/explorepontiac.ca\/fr\/wp-json\/wp\/v2\/pages\/2470\/revisions"}],"predecessor-version":[{"id":2997,"href":"https:\/\/explorepontiac.ca\/fr\/wp-json\/wp\/v2\/pages\/2470\/revisions\/2997"}],"wp:featuredmedia":[{"embeddable":true,"href":"https:\/\/explorepontiac.ca\/fr\/wp-json\/wp\/v2\/media\/2995"}],"wp:attachment":[{"href":"https:\/\/explorepontiac.ca\/fr\/wp-json\/wp\/v2\/media?parent=2470"}],"curies":[{"name":"wp","href":"https:\/\/api.w.org\/{rel}","templated":true}]}}